{"id":109,"date":"2009-08-13T21:39:14","date_gmt":"2009-08-13T19:39:14","guid":{"rendered":"http:\/\/www.allergie-experten.de\/wordpress\/?page_id=109"},"modified":"2009-09-29T17:37:31","modified_gmt":"2009-09-29T15:37:31","slug":"rozz-live-presse","status":"publish","type":"page","link":"https:\/\/rozz-berlin.de\/index.php\/rozz-live-presse","title":{"rendered":"ROZZ Presse"},"content":{"rendered":"<p>Die Resonanz auf ROZZ war zwiesp\u00e4ltig. Von \u00fcberschw\u00e4nglichem Lob bis zu h\u00e4mischer Kritik war fast alles vertreten.<\/p>\n<p>\u201eZitate&#8220;<\/p>\n<p>Offenbar hat diese Form der Instrumentalmusik polarisiert, zumal andere Str\u00f6mungen wie Punk, New Wave und \u201eNeue Deutsche Welle&#8220; bereits den Zeitgeist bestimmten.<\/p>\n<p>Widerspr\u00fcche gab es bei ROZZ zu Hauf:<\/p>\n<p>&#8211; Dinosauriermusik trotz anderer Zeichen der Zeit (Punk, NewWave, NDW usw.)<\/p>\n<p>&#8211; Stilmix zwischen Rock und Jazz (Latin und Funk) ohne eindeutige Zuordnung<\/p>\n<p>&#8211; Pendeln zwischen rigiden Arrangements und improvisatorischen Freir\u00e4umen<\/p>\n<p>&#8211; Spagat zwischen technisch anspruchvollem Musikmaterial und B\u00fchnenklamauk<\/p>\n<p>&#8211; Schwanken zwischen Professionalit\u00e4t und Kokettieren mit dem Amateurstatus<\/p>\n<p>&#8211; Uneins in der kommerziellen Zielrichtung oder obligatorischem 70er-Jahre-Protest<\/p>\n<p>\u201eZitate&#8220;<\/p>\n<p>So spiegeln sich in den Kommentaren auch die ausgehenden 70er und die beginnenden 80er Jahre wieder: Die Leidenschaft f\u00fcr rhythmische Musik zwischen Rock und Jazz abseits popul\u00e4rer Str\u00f6mungen, das Unwohlsein angesichts kommerzieller Vermarktung (Musikgenre \u201eDisco&#8220;: verwandt und doch verfemt), das Ausleben subkultureller Freir\u00e4ume, pseudopolitische Standortbestimmungen, unabh\u00e4ngige Netzwerke mit Solidarisierungsbem\u00fchungen und die Entstehung einer \u201ealternativen Szene&#8220; in Berlin gestalteten das Biotop, in dem \u201eschr\u00e4ge Pflanzen&#8220; wie ROZZ gedeihen konnten.<\/p>\n<p>Die Audioerzeugnisse (LPs \u201ePr\u00fcfungsangst&#8220; und \u201eEisbrecher&#8220;) wurden eher verhalten kritisiert; zu glatt war manchem das Ergebnis. Die Konzerte bekamen bessere Noten; hier konnte ROZZ mit seiner Spielfreude punkten.<\/p>\n<p>\u201eZitate&#8220;<\/p>\n","protected":false},"excerpt":{"rendered":"<p>Die Resonanz auf ROZZ war zwiesp\u00e4ltig. Von \u00fcberschw\u00e4nglichem Lob bis zu h\u00e4mischer Kritik war fast alles vertreten. \u201eZitate&#8220; Offenbar hat diese Form der Instrumentalmusik polarisiert, zumal andere Str\u00f6mungen wie Punk, New Wave und \u201eNeue Deutsche Welle&#8220; bereits den Zeitgeist bestimmten. Widerspr\u00fcche gab es bei ROZZ zu Hauf: &#8211; Dinosauriermusik trotz anderer Zeichen der Zeit (Punk, [&hellip;]<\/p>\n","protected":false},"author":2,"featured_media":0,"parent":0,"menu_order":9,"comment_status":"open","ping_status":"closed","template":"","meta":{"ngg_post_thumbnail":0,"footnotes":""},"class_list":["post-109","page","type-page","status-publish","hentry"],"_links":{"self":[{"href":"https:\/\/rozz-berlin.de\/index.php\/wp-json\/wp\/v2\/pages\/109","targetHints":{"allow":["GET"]}}],"collection":[{"href":"https:\/\/rozz-berlin.de\/index.php\/wp-json\/wp\/v2\/pages"}],"about":[{"href":"https:\/\/rozz-berlin.de\/index.php\/wp-json\/wp\/v2\/types\/page"}],"author":[{"embeddable":true,"href":"https:\/\/rozz-berlin.de\/index.php\/wp-json\/wp\/v2\/users\/2"}],"replies":[{"embeddable":true,"href":"https:\/\/rozz-berlin.de\/index.php\/wp-json\/wp\/v2\/comments?post=109"}],"version-history":[{"count":5,"href":"https:\/\/rozz-berlin.de\/index.php\/wp-json\/wp\/v2\/pages\/109\/revisions"}],"predecessor-version":[{"id":553,"href":"https:\/\/rozz-berlin.de\/index.php\/wp-json\/wp\/v2\/pages\/109\/revisions\/553"}],"wp:attachment":[{"href":"https:\/\/rozz-berlin.de\/index.php\/wp-json\/wp\/v2\/media?parent=109"}],"curies":[{"name":"wp","href":"https:\/\/api.w.org\/{rel}","templated":true}]}}