{"id":117,"date":"2009-08-13T21:52:43","date_gmt":"2009-08-13T19:52:43","guid":{"rendered":"http:\/\/www.allergie-experten.de\/wordpress\/?page_id=117"},"modified":"2009-09-20T18:28:33","modified_gmt":"2009-09-20T16:28:33","slug":"in-1978","status":"publish","type":"page","link":"https:\/\/rozz-berlin.de\/index.php\/rozz-long-history\/in-1978","title":{"rendered":"1978"},"content":{"rendered":"<p>Die Anf\u00e4nge von ROZZ bedeuteten Proben und Probieren. Eigenes Material wurde schrittweise erarbeitet und auf die entstehende Band zugeschnitten.<br \/>\n<a href=\"https:\/\/rozz-berlin.de\/wp-content\/uploads\/2009\/08\/001_Index.JPG\"><img loading=\"lazy\" decoding=\"async\" class=\"size-medium wp-image-237 alignnone\" title=\"ROZZ bei der Probe, Paul-Linke-Ufer, Berlin Kreuzberg 1978\" src=\"https:\/\/rozz-berlin.de\/wp-content\/uploads\/2009\/08\/001_Index-220x146.jpg\" alt=\"ROZZ bei der Probe, Paul-Linke-Ufer, Berlin Kreuzberg 1978\" width=\"220\" height=\"146\" srcset=\"https:\/\/rozz-berlin.de\/wp-content\/uploads\/2009\/08\/001_Index-220x146.jpg 220w, https:\/\/rozz-berlin.de\/wp-content\/uploads\/2009\/08\/001_Index-100x66.jpg 100w, https:\/\/rozz-berlin.de\/wp-content\/uploads\/2009\/08\/001_Index-800x533.jpg 800w, https:\/\/rozz-berlin.de\/wp-content\/uploads\/2009\/08\/001_Index.JPG 1800w\" sizes=\"auto, (max-width: 220px) 100vw, 220px\" \/><\/a><\/p>\n<table border=\"1\" cellspacing=\"0\" cellpadding=\"0\">\n<tbody>\n<tr>\n<td width=\"121\" valign=\"top\">03.04.78<\/td>\n<td width=\"248\" valign=\"top\">Bandgr\u00fcndung und   regelm\u00e4\u00dfige Proben<\/td>\n<\/tr>\n<tr>\n<td width=\"121\" valign=\"top\"><\/td>\n<td width=\"248\" valign=\"top\">(Kellerr\u00e4ume am   Paul-Lincke-Ufer, Berlin-Kreuzberg)<\/td>\n<\/tr>\n<tr>\n<td width=\"121\" valign=\"top\">Juli   1978<\/td>\n<td width=\"248\" valign=\"top\">Probeauftritt; Alternatives   Umweltfestival, Messegel\u00e4nde Berlin-Charlottenburg, Sessionkonzert \u201eSuper   Session&#8220;<\/td>\n<\/tr>\n<\/tbody>\n<\/table>\n","protected":false},"excerpt":{"rendered":"<p>Die Anf\u00e4nge von ROZZ bedeuteten Proben und Probieren. Eigenes Material wurde schrittweise erarbeitet und auf die entstehende Band zugeschnitten. 03.04.78 Bandgr\u00fcndung und regelm\u00e4\u00dfige Proben (Kellerr\u00e4ume am Paul-Lincke-Ufer, Berlin-Kreuzberg) Juli 1978 Probeauftritt; Alternatives Umweltfestival, Messegel\u00e4nde Berlin-Charlottenburg, Sessionkonzert \u201eSuper Session&#8220;<\/p>\n","protected":false},"author":2,"featured_media":0,"parent":7,"menu_order":0,"comment_status":"open","ping_status":"closed","template":"","meta":{"ngg_post_thumbnail":0,"footnotes":""},"class_list":["post-117","page","type-page","status-publish","hentry"],"_links":{"self":[{"href":"https:\/\/rozz-berlin.de\/index.php\/wp-json\/wp\/v2\/pages\/117","targetHints":{"allow":["GET"]}}],"collection":[{"href":"https:\/\/rozz-berlin.de\/index.php\/wp-json\/wp\/v2\/pages"}],"about":[{"href":"https:\/\/rozz-berlin.de\/index.php\/wp-json\/wp\/v2\/types\/page"}],"author":[{"embeddable":true,"href":"https:\/\/rozz-berlin.de\/index.php\/wp-json\/wp\/v2\/users\/2"}],"replies":[{"embeddable":true,"href":"https:\/\/rozz-berlin.de\/index.php\/wp-json\/wp\/v2\/comments?post=117"}],"version-history":[{"count":8,"href":"https:\/\/rozz-berlin.de\/index.php\/wp-json\/wp\/v2\/pages\/117\/revisions"}],"predecessor-version":[{"id":312,"href":"https:\/\/rozz-berlin.de\/index.php\/wp-json\/wp\/v2\/pages\/117\/revisions\/312"}],"up":[{"embeddable":true,"href":"https:\/\/rozz-berlin.de\/index.php\/wp-json\/wp\/v2\/pages\/7"}],"wp:attachment":[{"href":"https:\/\/rozz-berlin.de\/index.php\/wp-json\/wp\/v2\/media?parent=117"}],"curies":[{"name":"wp","href":"https:\/\/api.w.org\/{rel}","templated":true}]}}