{"id":129,"date":"2009-08-13T23:04:13","date_gmt":"2009-08-13T21:04:13","guid":{"rendered":"http:\/\/www.allergie-experten.de\/wordpress\/?page_id=129"},"modified":"2009-10-13T22:59:50","modified_gmt":"2009-10-13T20:59:50","slug":"in-1983","status":"publish","type":"page","link":"https:\/\/rozz-berlin.de\/index.php\/rozz-long-history\/in-1983","title":{"rendered":"1983"},"content":{"rendered":"<table border=\"1\" cellspacing=\"0\" cellpadding=\"0\">\n<tbody>\n<tr>\n<td width=\"104\" valign=\"top\">02.01.83<\/td>\n<td width=\"293\" valign=\"top\">Live-Fernsehauftritt mit   Bl\u00e4sern, ARD 3. Programm, Bayrischer Rundfunk, Musiksendung von Peter Horton   (17:00 &#8211; 18:00 Uhr)<br \/>\n<a href=\"https:\/\/rozz-berlin.de\/wp-content\/uploads\/2009\/08\/DSCF3506.jpg\"><img loading=\"lazy\" decoding=\"async\" class=\"alignleft size-medium wp-image-619\" title=\"DSCF3506\" src=\"https:\/\/rozz-berlin.de\/wp-content\/uploads\/2009\/08\/DSCF3506-220x293.jpg\" alt=\"DSCF3506\" width=\"220\" height=\"293\" srcset=\"https:\/\/rozz-berlin.de\/wp-content\/uploads\/2009\/08\/DSCF3506-220x293.jpg 220w, https:\/\/rozz-berlin.de\/wp-content\/uploads\/2009\/08\/DSCF3506-100x133.jpg 100w, https:\/\/rozz-berlin.de\/wp-content\/uploads\/2009\/08\/DSCF3506.jpg 500w\" sizes=\"auto, (max-width: 220px) 100vw, 220px\" \/><\/a><\/td>\n<\/tr>\n<tr>\n<td width=\"104\" valign=\"top\">18.\/19.02.83<\/td>\n<td width=\"293\" valign=\"top\">UFA-Fabrik, Gro\u00dfer Saal,   Berlin-Tempelhof,<\/td>\n<\/tr>\n<tr>\n<td width=\"104\" valign=\"top\"><\/td>\n<td width=\"293\" valign=\"top\">Jubil\u00e4umskonzert 5 Jahre   ROZZ mit Bl\u00e4sern<\/td>\n<\/tr>\n<tr>\n<td width=\"104\" valign=\"top\">08.05.83<\/td>\n<td width=\"293\" valign=\"top\">Delphi-Kino,   Berlin-Charlottenburg, Rockprogramm der Initiative \u201eK\u00fcnstler f\u00fcr den Frieden&#8220;<br \/>\n<a href=\"https:\/\/rozz-berlin.de\/wp-content\/uploads\/2009\/08\/DSCF3492.jpg\"><img loading=\"lazy\" decoding=\"async\" class=\"alignleft size-medium wp-image-605\" title=\"DSCF3492\" src=\"https:\/\/rozz-berlin.de\/wp-content\/uploads\/2009\/08\/DSCF3492-220x293.jpg\" alt=\"DSCF3492\" width=\"220\" height=\"293\" srcset=\"https:\/\/rozz-berlin.de\/wp-content\/uploads\/2009\/08\/DSCF3492-220x293.jpg 220w, https:\/\/rozz-berlin.de\/wp-content\/uploads\/2009\/08\/DSCF3492-100x133.jpg 100w, https:\/\/rozz-berlin.de\/wp-content\/uploads\/2009\/08\/DSCF3492.jpg 500w\" sizes=\"auto, (max-width: 220px) 100vw, 220px\" \/><\/a><\/td>\n<\/tr>\n<tr>\n<td width=\"104\" valign=\"top\">18.05.83<\/td>\n<td width=\"293\" valign=\"top\">Quasimodo,   Berlin-Charlottenburg,<\/td>\n<\/tr>\n<tr>\n<td width=\"104\" valign=\"top\"><\/td>\n<td width=\"293\" valign=\"top\">letzter Bandauftritt,   <a href=\"https:\/\/rozz-berlin.de\/index.php\/rozz-sounds\" target=\"_self\">Live-Mitschnitt<\/a> durch Tonstudio Ulli Weigel, Berlin (<a href=\"https:\/\/rozz-berlin.de\/index.php\/rozz-cd-live-1983\" target=\"_self\">CD-Ver\u00f6ffentlichung<\/a> im   Dezember 2009 vorgesehen)<\/td>\n<\/tr>\n<tr>\n<td width=\"104\" valign=\"top\"><\/td>\n<td width=\"293\" valign=\"top\"><\/td>\n<\/tr>\n<tr>\n<td width=\"104\" valign=\"top\">Revival-Konzerte<\/td>\n<td width=\"293\" valign=\"top\"><\/td>\n<\/tr>\n<tr>\n<td width=\"104\" valign=\"top\">06.08.88<\/td>\n<td width=\"293\" valign=\"top\">Kiezhof Danckelmannstr.,   Berlin-Charlottenburg<\/td>\n<\/tr>\n<tr>\n<td width=\"104\" valign=\"top\">29.08.88<\/td>\n<td width=\"293\" valign=\"top\">Konzertmuschel,   Niederneuendorfer Allee, Berlin-Spandau<\/td>\n<\/tr>\n<tr>\n<td width=\"104\" valign=\"top\"><\/td>\n<td width=\"293\" valign=\"top\">Revivalkonzert mit Bands   der Musikerinitiative \u201eJust Friends&#8220;<\/td>\n<\/tr>\n<tr>\n<td width=\"104\" valign=\"top\">?<\/td>\n<td width=\"293\" valign=\"top\">Wei\u00dfe Rose,   Veranstaltungsaal, Berlin-Sch\u00f6neberg<\/td>\n<\/tr>\n<\/tbody>\n<\/table>\n","protected":false},"excerpt":{"rendered":"<p>02.01.83 Live-Fernsehauftritt mit Bl\u00e4sern, ARD 3. Programm, Bayrischer Rundfunk, Musiksendung von Peter Horton (17:00 &#8211; 18:00 Uhr) 18.\/19.02.83 UFA-Fabrik, Gro\u00dfer Saal, Berlin-Tempelhof, Jubil\u00e4umskonzert 5 Jahre ROZZ mit Bl\u00e4sern 08.05.83 Delphi-Kino, Berlin-Charlottenburg, Rockprogramm der Initiative \u201eK\u00fcnstler f\u00fcr den Frieden&#8220; 18.05.83 Quasimodo, Berlin-Charlottenburg, letzter Bandauftritt, Live-Mitschnitt durch Tonstudio Ulli Weigel, Berlin (CD-Ver\u00f6ffentlichung im Dezember 2009 vorgesehen) Revival-Konzerte [&hellip;]<\/p>\n","protected":false},"author":2,"featured_media":0,"parent":7,"menu_order":5,"comment_status":"open","ping_status":"closed","template":"","meta":{"ngg_post_thumbnail":0,"footnotes":""},"class_list":["post-129","page","type-page","status-publish","hentry"],"_links":{"self":[{"href":"https:\/\/rozz-berlin.de\/index.php\/wp-json\/wp\/v2\/pages\/129","targetHints":{"allow":["GET"]}}],"collection":[{"href":"https:\/\/rozz-berlin.de\/index.php\/wp-json\/wp\/v2\/pages"}],"about":[{"href":"https:\/\/rozz-berlin.de\/index.php\/wp-json\/wp\/v2\/types\/page"}],"author":[{"embeddable":true,"href":"https:\/\/rozz-berlin.de\/index.php\/wp-json\/wp\/v2\/users\/2"}],"replies":[{"embeddable":true,"href":"https:\/\/rozz-berlin.de\/index.php\/wp-json\/wp\/v2\/comments?post=129"}],"version-history":[{"count":8,"href":"https:\/\/rozz-berlin.de\/index.php\/wp-json\/wp\/v2\/pages\/129\/revisions"}],"predecessor-version":[{"id":583,"href":"https:\/\/rozz-berlin.de\/index.php\/wp-json\/wp\/v2\/pages\/129\/revisions\/583"}],"up":[{"embeddable":true,"href":"https:\/\/rozz-berlin.de\/index.php\/wp-json\/wp\/v2\/pages\/7"}],"wp:attachment":[{"href":"https:\/\/rozz-berlin.de\/index.php\/wp-json\/wp\/v2\/media?parent=129"}],"curies":[{"name":"wp","href":"https:\/\/api.w.org\/{rel}","templated":true}]}}