{"id":133,"date":"2009-08-13T23:09:00","date_gmt":"2009-08-13T21:09:00","guid":{"rendered":"http:\/\/www.allergie-experten.de\/wordpress\/?page_id=133"},"modified":"2009-10-18T14:39:10","modified_gmt":"2009-10-18T12:39:10","slug":"rozz-haufige-fragen","status":"publish","type":"page","link":"https:\/\/rozz-berlin.de\/index.php\/rozz-haufige-fragen","title":{"rendered":"ROZZ H\u00e4ufige Fragen"},"content":{"rendered":"<h2>Wozu dient die ROZZ Website?<\/h2>\n<p>Zur Vergangenheitsbew\u00e4ltigung und als Ged\u00e4chtnistraining (-st\u00fctze).<\/p>\n<p>Als Sammelsurium f\u00fcr ROckjaZZ-Fans und Nostalgiker.<\/p>\n<p>Als Informationsquelle zum Revivalkonzert ROZZ &amp; RIFF in der <a href=\"http:\/\/www.ufafabrik.de\/de\/nav.php?pid=calender&amp;op=details&amp;eid=736&amp;back=calender&amp;bid=a11\" target=\"_blank\">UFA-Fabrik am 04.\/05.12.2009<\/a> in Berlin-Tempelhof.<\/p>\n<h2>Was hat die Berliner Band ROZZ f\u00fcr Musik gemacht?<\/h2>\n<p>Eine Mischung aus Rock und Jazz, Funk und Latin, sp\u00e4ter h\u00e4ufig als \u201eFusion&#8220; bezeichnet. Vorwiegend eigene Kompositionen und gelegentlich Arrangements ausgew\u00e4hlter Standards (Birdland, In The Mood, Stratus).<\/p>\n<h2>Welche Besetzung hatte ROZZ?<\/h2>\n<p>Christian Brandt (dr),<br \/>\nHardy K\u00fcrbihs (perc),<br \/>\nKnut Jens &#8211; (b),<br \/>\nJ\u00f6rg Kleine-Tebbe &#8211; (keys),<br \/>\nWolfgang M\u00fcller &#8211; (g).<br \/>\n<a href=\"https:\/\/rozz-berlin.de\/wp-content\/uploads\/2009\/08\/DSCF34911.jpg\"><img loading=\"lazy\" decoding=\"async\" class=\"alignleft size-medium wp-image-623\" title=\"DSCF3491\" src=\"https:\/\/rozz-berlin.de\/wp-content\/uploads\/2009\/08\/DSCF34911-220x160.jpg\" alt=\"DSCF3491\" width=\"220\" height=\"160\" srcset=\"https:\/\/rozz-berlin.de\/wp-content\/uploads\/2009\/08\/DSCF34911-220x160.jpg 220w, https:\/\/rozz-berlin.de\/wp-content\/uploads\/2009\/08\/DSCF34911-100x73.jpg 100w, https:\/\/rozz-berlin.de\/wp-content\/uploads\/2009\/08\/DSCF34911.jpg 500w\" sizes=\"auto, (max-width: 220px) 100vw, 220px\" \/><\/a><br \/>\nAbb. von links nach rechts:<br \/>\nb, perc, g, keys mit Wolfgang\u00b4s Lilli, dr und Thomas Pruchnik.<\/p>\n<p>Sp\u00e4ter (seit 1982) erg\u00e4nzte Frank L\u00fcdeke (as, fl, ss) die Band.<\/p>\n<p>Im letzten Jahr 1983 holte ROZZ zus\u00e4tzliche Bl\u00e4ser dazu:<\/p>\n<p>Herbie H. Hart (ss, ts),<br \/>\nChuck Purrington (tr, fh) bzw. J\u00fcrgen Scheele (tr, fh).<\/p>\n<h2>Warum gab es keinen Gesang bei ROZZ?<\/h2>\n<p>Keiner der Musiker verf\u00fcgte \u00fcber brauchbare Texte.<br \/>\nWichter noch: Keiner hatte ein dringendes Mitteilungsbed\u00fcrfnis.<br \/>\nAu\u00dferdem: Keiner der Bandmitglieder wollte oder konnte singen.<\/p>\n<h2>Was war Besonderes an der Band ROZZ?<\/h2>\n<p>Die Kunst, mit einer Nischenmusik ein gr\u00f6\u00dferes Publikum zu erreichen. Schlie\u00dflich war f\u00fcr jeden etwas dabei: Rockiges f\u00fcr die Rock-Liebhaber, Jazziges f\u00fcr die Jazzpolizei, Grooviges zum Tanzen, Polyrhythmik f\u00fcr die Mathematiker, Polyphonie f\u00fcr die Analytiker, Klamauk f\u00fcr die Spa\u00dfv\u00f6gel, alternatives Outfit f\u00fcr die Szene.<\/p>\n<h2>Welchen Stellenwert hatte ROZZ f\u00fcr den Rest der Welt?<\/h2>\n<p>Das kommt auf den Standpunkt an. Der Impact war limitiert; ein Szeneprodukt f\u00fcr die Szene, Musik f\u00fcr Musiker. Allerdings gab es Einzelpersonen, die wegen ROZZ selbst Musiker wurden (Zeichen von Leichtsinn oder Intelligenz?).<\/p>\n<h2>Warum hat die Band das Konzept von ROZZ 1983 auf Eis gelegt?<\/h2>\n<p>Eine gewisse Erm\u00fcdung durch den gr\u00f6\u00dfer werdenden Apparat mit Bl\u00e4sern, Zweifel an der Tragf\u00e4higkeit des Konzeptes und der Wunsch einiger Bandmitglieder mit Gesang zu arbeiten.<\/p>\n<p>Tats\u00e4chlich probten die Musiker von ROZZ 1983 eine Weile mit <a href=\"http:\/\/de.wikipedia.org\/wiki\/Wiglaf_Droste\" target=\"_blank\">Wiglaf Droste<\/a>, Sprachprovokateur aus Bielefeld, bevor sie ihn wegen zweifelhafter gesanglicher Qualit\u00e4ten (der Anspruch hing hoch in den 80ern!) verabschiedeten. Historische Demoaufnahmen schlummern noch in alten Kartons; bisher hatte niemand Interesse, diese \u201eSch\u00e4tze&#8220; zu bergen. Auch die Berliner S\u00e4ngerin und Schauspielerin <a href=\"http:\/\/connexberlin.de\/anna_bolk.html\" target=\"_blank\">Anna Bolk<\/a> probte 1985 eine Weile mit den Ex-Musikern von ROZZ; zu einem Auftritt kam es nie.<\/p>\n<h2>Weshalb gibt es ein Revival-Konzert mit ROZZ 25 bzw. 30 Jahre sp\u00e4ter?<\/h2>\n<p>Einige der Musiker von ROZZ sind davon \u00fcberzeugt, dass das damalige Material auch heute noch Bestand hat. Es lockt die Versuchung, die alten Arrangements mit der heutigen Spielerfahrung aufzuf\u00fchren. Ziel: Kein mittelm\u00e4\u00dfiger Aufguss einer abgehalfterten Rentnerband, sondern eine energiegeladene Pr\u00e4sentation auf h\u00f6chstem, musikalischem Niveau.<\/p>\n<h2>Was hat ROZZ mit RIFF zu tun?<\/h2>\n<p>Benachbarte \u00dcbungsr\u00e4ume am Paul-Lincke-Ufer in Berlin-Kreuzberg, gemeinsame Konzerte und gegenseitige Unterst\u00fctzung der Musikerkollegen (manche sagten damals \u201eGenossen&#8220;). J\u00f6rg Kleine-Tebbe (von ROZZ) sprang an den Keyboards bei RIFF ein; <a href=\"http:\/\/www.multikulti.de\/team\/mitarbeiter\/johannes_theurer.html\" target=\"_blank\">Johannes Theurer<\/a> (fr\u00fcher RIFF) holte ab und an f\u00fcr ROZZ bei Zitty, dem alternativen Berliner Stadtmagazin, die Kohlen aus dem Feuer.<\/p>\n<p><a href=\"https:\/\/rozz-berlin.de\/wp-content\/uploads\/2009\/08\/FestivalankuendigungJustFriends19791.jpg\"><img loading=\"lazy\" decoding=\"async\" class=\"alignnone size-medium wp-image-287\" title=\"FestivalankuendigungJustFriends1979\" src=\"https:\/\/rozz-berlin.de\/wp-content\/uploads\/2009\/08\/FestivalankuendigungJustFriends19791-220x220.jpg\" alt=\"FestivalankuendigungJustFriends1979\" width=\"220\" height=\"220\" srcset=\"https:\/\/rozz-berlin.de\/wp-content\/uploads\/2009\/08\/FestivalankuendigungJustFriends19791-220x220.jpg 220w, https:\/\/rozz-berlin.de\/wp-content\/uploads\/2009\/08\/FestivalankuendigungJustFriends19791-100x100.jpg 100w, https:\/\/rozz-berlin.de\/wp-content\/uploads\/2009\/08\/FestivalankuendigungJustFriends19791-800x801.jpg 800w, https:\/\/rozz-berlin.de\/wp-content\/uploads\/2009\/08\/FestivalankuendigungJustFriends19791.jpg 1559w\" sizes=\"auto, (max-width: 220px) 100vw, 220px\" \/><\/a><\/p>\n","protected":false},"excerpt":{"rendered":"<p>Wozu dient die ROZZ Website? Zur Vergangenheitsbew\u00e4ltigung und als Ged\u00e4chtnistraining (-st\u00fctze). Als Sammelsurium f\u00fcr ROckjaZZ-Fans und Nostalgiker. Als Informationsquelle zum Revivalkonzert ROZZ &amp; RIFF in der UFA-Fabrik am 04.\/05.12.2009 in Berlin-Tempelhof. Was hat die Berliner Band ROZZ f\u00fcr Musik gemacht? Eine Mischung aus Rock und Jazz, Funk und Latin, sp\u00e4ter h\u00e4ufig als \u201eFusion&#8220; bezeichnet. Vorwiegend [&hellip;]<\/p>\n","protected":false},"author":2,"featured_media":0,"parent":0,"menu_order":5,"comment_status":"open","ping_status":"closed","template":"","meta":{"ngg_post_thumbnail":0,"footnotes":""},"class_list":["post-133","page","type-page","status-publish","hentry"],"_links":{"self":[{"href":"https:\/\/rozz-berlin.de\/index.php\/wp-json\/wp\/v2\/pages\/133","targetHints":{"allow":["GET"]}}],"collection":[{"href":"https:\/\/rozz-berlin.de\/index.php\/wp-json\/wp\/v2\/pages"}],"about":[{"href":"https:\/\/rozz-berlin.de\/index.php\/wp-json\/wp\/v2\/types\/page"}],"author":[{"embeddable":true,"href":"https:\/\/rozz-berlin.de\/index.php\/wp-json\/wp\/v2\/users\/2"}],"replies":[{"embeddable":true,"href":"https:\/\/rozz-berlin.de\/index.php\/wp-json\/wp\/v2\/comments?post=133"}],"version-history":[{"count":23,"href":"https:\/\/rozz-berlin.de\/index.php\/wp-json\/wp\/v2\/pages\/133\/revisions"}],"predecessor-version":[{"id":665,"href":"https:\/\/rozz-berlin.de\/index.php\/wp-json\/wp\/v2\/pages\/133\/revisions\/665"}],"wp:attachment":[{"href":"https:\/\/rozz-berlin.de\/index.php\/wp-json\/wp\/v2\/media?parent=133"}],"curies":[{"name":"wp","href":"https:\/\/api.w.org\/{rel}","templated":true}]}}