{"id":2,"date":"2009-06-05T19:57:49","date_gmt":"2009-06-05T17:57:49","guid":{"rendered":"http:\/\/www.allergie-experten.de\/wordpress\/?page_id=2"},"modified":"2009-12-07T19:48:21","modified_gmt":"2009-12-07T17:48:21","slug":"impressum","status":"publish","type":"page","link":"https:\/\/rozz-berlin.de\/index.php\/impressum","title":{"rendered":"Impressum"},"content":{"rendered":"<p>Die ROZZ-Website wurde von J\u00f6rg Kleine-Tebbe gemeinsam mit Martina Bolz, Grafikerin in Berlin (<a href=\"http:\/\/www.tomkin-berlin.de\/\" target=\"_blank\">www.tomkin-berlin.de<\/a>), und Nils Hott, Programmierer und Website-Gestalter in Berlin (<a href=\"http:\/\/www.nilshott.com\/\" target=\"_blank\">www.nilshott.com<\/a>), konzipiert und zusammengebaut.<\/p>\n<p><img loading=\"lazy\" decoding=\"async\" class=\"alignleft size-medium wp-image-479\" title=\"Nils, Martina und J\u00f6rg vor dem Selbstausl\u00f6ser\" src=\"https:\/\/rozz-berlin.de\/wp-content\/uploads\/2009\/06\/DSCF4920-220x165.jpg\" alt=\"Nils, Martina und J\u00f6rg vor dem Selbstausl\u00f6ser\" width=\"220\" height=\"165\" srcset=\"https:\/\/rozz-berlin.de\/wp-content\/uploads\/2009\/06\/DSCF4920-220x165.jpg 220w, https:\/\/rozz-berlin.de\/wp-content\/uploads\/2009\/06\/DSCF4920-100x75.jpg 100w, https:\/\/rozz-berlin.de\/wp-content\/uploads\/2009\/06\/DSCF4920-800x600.jpg 800w\" sizes=\"auto, (max-width: 220px) 100vw, 220px\" \/><br \/>\nNils, Martina und J\u00f6rg vor dem Selbstausl\u00f6ser in der freundlichen Agentur Tomkin Event &amp; Service, Berlin.<\/p>\n<p><strong>Administrator:<br \/>\n<span style=\"font-weight: normal;\">Priv.-Doz. Dr. J\u00f6rg Kleine-Tebbe<br \/>\nSchlossstr. 51<br \/>\n14059 Berlin<br \/>\nTel:  +49 (0)30 36405860<br \/>\nFax:  +49 (0)30 36405861<\/span><\/strong><\/p>\n<p>Internet: <a href=\"http:\/\/www.allergie-experten.de\/\" target=\"_blank\">www.allergie-experten.de<\/a><br \/>\nE-Mail: kontakt@allergie-experten.de<\/p>\n<p>\u00a9 2009. Trotz sorgf\u00e4ltiger inhaltlicher Kontrolle \u00fcbernehmen wir keine Haftung f\u00fcr die Inhalte externer Links. F\u00fcr den Inhalt der verlinkten Seiten sind ausschlie\u00dflich deren Betreiber verantwortlich. Firmennamen, Domainnamen, Warennamen, Produktbezeichnungen, Marken und andere gesch\u00fctzte Bezeichnungen sind Eigentum ihrer jeweiligen Besitzer, auch wenn sie nicht entsprechend gekennzeichnet sind.<\/p>\n","protected":false},"excerpt":{"rendered":"<p>Die ROZZ-Website wurde von J\u00f6rg Kleine-Tebbe gemeinsam mit Martina Bolz, Grafikerin in Berlin (www.tomkin-berlin.de), und Nils Hott, Programmierer und Website-Gestalter in Berlin (www.nilshott.com), konzipiert und zusammengebaut. Nils, Martina und J\u00f6rg vor dem Selbstausl\u00f6ser in der freundlichen Agentur Tomkin Event &amp; Service, Berlin. Administrator: Priv.-Doz. Dr. J\u00f6rg Kleine-Tebbe Schlossstr. 51 14059 Berlin Tel: +49 (0)30 36405860 [&hellip;]<\/p>\n","protected":false},"author":2,"featured_media":0,"parent":0,"menu_order":13,"comment_status":"closed","ping_status":"closed","template":"","meta":{"ngg_post_thumbnail":0,"footnotes":""},"class_list":["post-2","page","type-page","status-publish","hentry"],"_links":{"self":[{"href":"https:\/\/rozz-berlin.de\/index.php\/wp-json\/wp\/v2\/pages\/2","targetHints":{"allow":["GET"]}}],"collection":[{"href":"https:\/\/rozz-berlin.de\/index.php\/wp-json\/wp\/v2\/pages"}],"about":[{"href":"https:\/\/rozz-berlin.de\/index.php\/wp-json\/wp\/v2\/types\/page"}],"author":[{"embeddable":true,"href":"https:\/\/rozz-berlin.de\/index.php\/wp-json\/wp\/v2\/users\/2"}],"replies":[{"embeddable":true,"href":"https:\/\/rozz-berlin.de\/index.php\/wp-json\/wp\/v2\/comments?post=2"}],"version-history":[{"count":12,"href":"https:\/\/rozz-berlin.de\/index.php\/wp-json\/wp\/v2\/pages\/2\/revisions"}],"predecessor-version":[{"id":360,"href":"https:\/\/rozz-berlin.de\/index.php\/wp-json\/wp\/v2\/pages\/2\/revisions\/360"}],"wp:attachment":[{"href":"https:\/\/rozz-berlin.de\/index.php\/wp-json\/wp\/v2\/media?parent=2"}],"curies":[{"name":"wp","href":"https:\/\/api.w.org\/{rel}","templated":true}]}}