{"id":23,"date":"2009-06-05T20:11:27","date_gmt":"2009-06-05T18:11:27","guid":{"rendered":"http:\/\/www.allergie-experten.de\/wordpress\/?page_id=23"},"modified":"2009-12-02T11:00:32","modified_gmt":"2009-12-02T09:00:32","slug":"links","status":"publish","type":"page","link":"https:\/\/rozz-berlin.de\/index.php\/links","title":{"rendered":"Links"},"content":{"rendered":"<p><a href=\"http:\/\/www.allergie-experten.de\" target=\"_blank\"><span style=\"text-decoration: none;\">www.allergie-experten.de<\/span><\/a><br \/>\nBerufliche &#8222;Heimat&#8220; von J\u00f6rg Kleine-Tebbe; ehemaliger Keyboarder von ROZZ.<\/p>\n<p><a href=\"http:\/\/www.bit-musikverlag.de\" target=\"_blank\"><span style=\"text-decoration: none;\">www.bit-musikverlag.de<\/span><\/a><br \/>\nGemeinsamer Verlag von Andreas Danisch und Knut Jens, Ex-ROZZ-Bassist; Produktionen einiger innovative Jazz-K\u00fcnstler und originelle Eigenproduktionen f\u00fcr den Einsatz &#8222;abseits vom Mainstream&#8220; sind das Spezialgebiet des BIT-Musikverlages<\/p>\n<p><a href=\"http:\/\/jan.ucc.nau.edu\/~tas3\/wtc.html\" target=\"_blank\"><span style=\"text-decoration: none;\">http:\/\/jan.ucc.nau.edu\/~tas3\/wtc.html<\/span><\/a><br \/>\nFaszinierende Internetpr\u00e4senz mit Analyse s\u00e4mtlicher Fugen aus dem 2-b\u00e4ndigen Wohltemperierten Klavier von J. S. Bach (erfordert Adobe Shockwave Player Version 10 oder 11)<\/p>\n<p><a href=\"http:\/\/www.nilshott.com\" target=\"_blank\"><span style=\"text-decoration: none;\">www.nilshott.com<\/span><\/a><br \/>\nKreativer Webdesigner (u.a. www.rozz-berlin.de) und Computer-Experte mit niedrigem Nerd-Faktor<\/p>\n<p><a href=\"http:\/\/www.quasimodo.de\" target=\"_blank\"><span style=\"text-decoration: none;\">www.quasimodo.de<\/span><\/a><br \/>\nInternetseite des kultigen Berliner Jazz- und Musik-Clubs mit der l\u00e4ngsten Tradition im westlichen Herzen von Berlin. Hier wurden das letzte ROZZ-Konzert am 18.05.1983 mitgeschnitten. Der Betreiber Giorgio Carioti ist einer der best\u00e4ndigsten Veranstalter Berlins, dem es immer wieder gelingt, internationale Top-Acts ins Quasimodo nach Berlin zu holen.<\/p>\n<p><a style=\"text-decoration: none;\" href=\"http:\/\/www.stierrocks.de\" target=\"_blank\"><span><span style=\"text-decoration: none;\">www.stierrocks.d<\/span><\/span><span style=\"text-decoration: none;\"><span style=\"text-decoration: none;\">e<\/span><\/span><\/a><br \/>\nInternetpr\u00e4senz der aktuellen Band von Martin Stier, Schauspieler und ehemaliger S\u00e4nger der T\u00f6rner Stier Crew, die zeitgleich mit ROZZ musikalisch aktiv und ber\u00fchmt-ber\u00fcchtigt f\u00fcr Ihre B\u00fchnenpr\u00e4senz waren.<\/p>\n<p><span><a style=\"text-decoration: none;\" href=\"http:\/\/www.trautonium.org\" target=\"_blank\"><span style=\"text-decoration: none;\">www.trautonium.org<\/span><\/a><\/span><a style=\"text-decoration: none;\" href=\"http:\/\/www.nilshott.de\" target=\"_blank\"><br \/><\/a>Internetseite von Wolfgang M\u00fcller, fr\u00fcher Gitarrist bei ROZZ, zur Geschichte und aktuellen Aktivit\u00e4ten zum Trautonium, einem historischen Synthesizer aus den 20er Jahren.<\/p>\n<p><span style=\"color: #000000;\"><a href=\"http:\/\/www.ufafabrik.de\" target=\"_blank\"><span style=\"text-decoration: none;\">www.ufafabrik.de<\/span><\/a><br \/>\nLegend\u00e4re Keimzelle alternativer Arbeits- und Lebensformen in Berlin; mittlerweile erwachsene Kulturschmiede und professioneller Veranstalter. <\/span><\/p>\n<p><a href=\"http:\/\/www.rockarchiv-berlin.de\/\" target=\"_blank\"><span style=\"text-decoration: none;\">www.rockarchiv-berlin.de<\/span><\/a><br \/>\nDas Berliner Rock- und Pop-Archiv ist ein eingetragener, gemeinn\u00fctziger Verein und weltweit die einzige Einrichtung ihrer Art.<br \/>\nSehr zu empfehlen sind hier der Clubguide und die Tourdaten.<\/p>\n<p><span style=\"color: #000000;\">Hier geh\u00f6ren eigentlich noch viele andere interessante Links von Musikern und Bands hin, die &#8222;Jazz-Rock-Fusion&#8220; als Musikstil etabliert und ma\u00dfgeblich gepr\u00e4gt haben:<br \/>\nz.B. <a href=\"http:\/\/www.herbiehancock.com\/\" target=\"_blank\">Herbie Hancock<\/a>, <a href=\"http:\/\/www.chickcorea.com\/\" target=\"_blank\">Chick Corea<\/a>, <a href=\"http:\/\/www.michaelbrecker.com\/\" target=\"_blank\">Michael Brecker<\/a> &amp; <a href=\"http:\/\/www.randybrecker.com\/\" target=\"_blank\">Randy Brecker<\/a>, <a href=\"http:\/\/de.wikipedia.org\/wiki\/Joe_Zawinul\" target=\"_blank\">Joe Zawinul<\/a>, <a href=\"http:\/\/de.wikipedia.org\/wiki\/Weather_Report\" target=\"_blank\">Weather Report<\/a> (<a href=\"http:\/\/www.youtube.com\/watch?v=pqashW66D7o\" target=\"_blank\">Live-Video mit ihrem Welt-Hit &#8222;Birdland&#8220;<\/a>), <a href=\"http:\/\/www.yellowjackets.com\/\" target=\"_blank\">Yellow Jackets<\/a>, u.v.a.<\/span><\/p>\n","protected":false},"excerpt":{"rendered":"<p>www.allergie-experten.de Berufliche &#8222;Heimat&#8220; von J\u00f6rg Kleine-Tebbe; ehemaliger Keyboarder von ROZZ. www.bit-musikverlag.de Gemeinsamer Verlag von Andreas Danisch und Knut Jens, Ex-ROZZ-Bassist; Produktionen einiger innovative Jazz-K\u00fcnstler und originelle Eigenproduktionen f\u00fcr den Einsatz &#8222;abseits vom Mainstream&#8220; sind das Spezialgebiet des BIT-Musikverlages http:\/\/jan.ucc.nau.edu\/~tas3\/wtc.html Faszinierende Internetpr\u00e4senz mit Analyse s\u00e4mtlicher Fugen aus dem 2-b\u00e4ndigen Wohltemperierten Klavier von J. S. Bach (erfordert [&hellip;]<\/p>\n","protected":false},"author":2,"featured_media":0,"parent":0,"menu_order":12,"comment_status":"closed","ping_status":"closed","template":"","meta":{"ngg_post_thumbnail":0,"footnotes":""},"class_list":["post-23","page","type-page","status-publish","hentry"],"_links":{"self":[{"href":"https:\/\/rozz-berlin.de\/index.php\/wp-json\/wp\/v2\/pages\/23","targetHints":{"allow":["GET"]}}],"collection":[{"href":"https:\/\/rozz-berlin.de\/index.php\/wp-json\/wp\/v2\/pages"}],"about":[{"href":"https:\/\/rozz-berlin.de\/index.php\/wp-json\/wp\/v2\/types\/page"}],"author":[{"embeddable":true,"href":"https:\/\/rozz-berlin.de\/index.php\/wp-json\/wp\/v2\/users\/2"}],"replies":[{"embeddable":true,"href":"https:\/\/rozz-berlin.de\/index.php\/wp-json\/wp\/v2\/comments?post=23"}],"version-history":[{"count":15,"href":"https:\/\/rozz-berlin.de\/index.php\/wp-json\/wp\/v2\/pages\/23\/revisions"}],"predecessor-version":[{"id":131,"href":"https:\/\/rozz-berlin.de\/index.php\/wp-json\/wp\/v2\/pages\/23\/revisions\/131"}],"wp:attachment":[{"href":"https:\/\/rozz-berlin.de\/index.php\/wp-json\/wp\/v2\/media?parent=23"}],"curies":[{"name":"wp","href":"https:\/\/api.w.org\/{rel}","templated":true}]}}