{"id":25,"date":"2009-06-05T20:13:22","date_gmt":"2009-06-05T18:13:22","guid":{"rendered":"http:\/\/www.allergie-experten.de\/wordpress\/?page_id=25"},"modified":"2009-12-02T10:50:17","modified_gmt":"2009-12-02T08:50:17","slug":"homepage","status":"publish","type":"page","link":"https:\/\/rozz-berlin.de\/","title":{"rendered":"ROZZ"},"content":{"rendered":"<h2><span style=\"font-weight: normal; font-size: 13px;\"><span>Instrumentalband und Synonym f\u00fcr eine Synthese aus <\/span><strong>RO<\/strong><span>ck und Ja<\/span><strong>ZZ<\/strong><span>, feierte Ende der Siebziger Jahre in (West-)Berlin die ersten Erfolge.<br \/>\n<\/span><\/span><\/h2>\n<p><a href=\"https:\/\/rozz-berlin.de\/wp-content\/uploads\/2009\/06\/DSCF3505.jpg\"><img loading=\"lazy\" decoding=\"async\" class=\"alignleft size-thumbnail wp-image-540\" title=\"ROZZ Anstecker\" src=\"https:\/\/rozz-berlin.de\/wp-content\/uploads\/2009\/06\/DSCF3505-100x75.jpg\" alt=\"ROZZ Anstecker\" width=\"100\" height=\"75\" srcset=\"https:\/\/rozz-berlin.de\/wp-content\/uploads\/2009\/06\/DSCF3505-100x75.jpg 100w, https:\/\/rozz-berlin.de\/wp-content\/uploads\/2009\/06\/DSCF3505-220x165.jpg 220w, https:\/\/rozz-berlin.de\/wp-content\/uploads\/2009\/06\/DSCF3505.jpg 500w\" sizes=\"auto, (max-width: 100px) 100vw, 100px\" \/><\/a><\/p>\n<p><span><a href=\"https:\/\/rozz-berlin.de\/wp-content\/uploads\/2009\/06\/047_Index1.JPG\"><\/a>Der 1. Preis beim <\/span><strong>Pop-Nachwuchs<\/strong><span>-Festival der <\/span><a href=\"http:\/\/de.wikipedia.org\/wiki\/Deutsche_Phono-Akademie\" target=\"_blank\">Deutschen Phono-Akademie<\/a><span> 1979 in W\u00fcrzburg, Fernsehauftritte,<br \/>\n2 Plattenproduktionen mit der Firma TELDEC, Mitwirkung an<br \/>\n2 Samplern, Auftritte in s\u00e4mtlichen Clubs von Berlin und 3 Touren<br \/>\ndurch die alten Bundesl\u00e4nder machten die Band bekannt und beliebt.<\/span><\/p>\n<p><span><span><strong><a href=\"https:\/\/rozz-berlin.de\/wp-content\/uploads\/2009\/06\/047_Index1.JPG\"><img loading=\"lazy\" decoding=\"async\" style=\"float: left; border: 0px initial initial;\" title=\"ROZZ am Paul-Linke-Ufer in Berlin Kreuzberg 1980\" src=\"https:\/\/rozz-berlin.de\/wp-content\/uploads\/2009\/06\/047_Index1-220x146.jpg\" alt=\"ROZZ am Paul-Linke-Ufer in Berlin Kreuzberg 1980\" width=\"220\" height=\"146\" \/><\/a>Name: ROZZ<br \/>\n<\/strong>Eine Kombination aus <\/span><span>RO<\/span><span>ck und Ja<\/span><span>ZZ (keine Beziehung zum verstorbenen amerikanischen S\u00e4nger Rozz Williams)<\/span><\/span><\/p>\n<p><span> <strong>Stilrichtung:<\/strong><span><br \/>\nFusion aus<br \/>\nRock, Funk, Latin und Jazz<\/span><\/span><\/p>\n<div><strong> <\/strong><\/div>\n<div><strong>Musiker:<\/strong> (Abb. ROZZ 1980 am Paul-Linke-Ufer von links nach rechts)<\/div>\n<div><a href=\"https:\/\/rozz-berlin.de\/index.php\/rozz-musiker\/wolfgang-muller-2\" target=\"_self\">Wolfgang M\u00fcller (git)<\/a>, <a href=\"http:\/\/www.trautonium.org\" target=\"_blank\">www.trautonium.org<\/a><\/div>\n<div><a href=\"https:\/\/rozz-berlin.de\/index.php\/rozz-musiker\/jorg-kleine-tebbe\" target=\"_self\">J\u00f6rg Kleine-Tebbe (key)<\/a>, <a href=\"http:\/\/www.allergie-experten.de\" target=\"_blank\">www.allergie-experten.de<\/a><br \/>\n<a href=\"http:\/\/www.allergie-experten.de\" target=\"_blank\"><\/a><\/div>\n<div><a href=\"https:\/\/rozz-berlin.de\/index.php\/rozz-musiker\/hardy-kurbihs\" target=\"_self\">Hardy K\u00fcrbihs (perc)<\/a>, <a href=\"http:\/\/www.kuerbihs.de\" target=\"_blank\">www.kuerbihs.de<\/a><\/div>\n<div><a href=\"http:\/\/www.kuerbihs.de\" target=\"_blank\"><\/a><\/div>\n<div><a href=\"https:\/\/rozz-berlin.de\/index.php\/rozz-musiker\/christian-brandt\" target=\"_self\">Christian Brandt (dr)<\/a><\/div>\n<div><a href=\"https:\/\/rozz-berlin.de\/index.php\/rozz-musiker\/knut-jens\" target=\"_self\">Knut Jens (bass)<\/a>, <a href=\"http:\/\/www.bit-musikverlag.de\" target=\"_blank\">www.bit-musikverlag.de<\/a><\/div>\n<div><a href=\"http:\/\/www.bit-musikverlag.de\" target=\"_blank\"><\/a><\/div>\n<p><\/p>\n<div><a href=\"https:\/\/rozz-berlin.de\/wp-content\/uploads\/2009\/06\/ROZZimUebungsraum12-2009.jpg\"><img loading=\"lazy\" decoding=\"async\" class=\"aligncenter size-large wp-image-712\" title=\"ROZZ im \u00dcbungsraum Dezember 2009\" src=\"https:\/\/rozz-berlin.de\/wp-content\/uploads\/2009\/06\/ROZZimUebungsraum12-2009-799x533.jpg\" alt=\"ROZZ im \u00dcbungsraum Dezember 2009\" width=\"447\" height=\"298\" srcset=\"https:\/\/rozz-berlin.de\/wp-content\/uploads\/2009\/06\/ROZZimUebungsraum12-2009-799x533.jpg 799w, https:\/\/rozz-berlin.de\/wp-content\/uploads\/2009\/06\/ROZZimUebungsraum12-2009-100x66.jpg 100w, https:\/\/rozz-berlin.de\/wp-content\/uploads\/2009\/06\/ROZZimUebungsraum12-2009-220x146.jpg 220w\" sizes=\"auto, (max-width: 447px) 100vw, 447px\" \/><\/a><br \/>\nAbb. ROZZ 2009 (im \u00dcbungsraum) von links nach rechts:<br \/>\n <span style=\"font-weight: normal;\">Christian, Knut, J\u00f6rg, Wolfgang, Hardy<\/span><\/p>\n<p><strong>Was hat es mit &#8222;Checkpoint Charly&#8220; auf sich? <\/strong><\/p>\n<p><strong>Bl\u00e4sersatz<br \/>\n<span style=\"font-weight: normal;\"><a href=\"https:\/\/rozz-berlin.de\/index.php\/rozz-musiker\/herbi-h-hart\" target=\"_self\">Herbie H. Hart (ss, ts)<\/a>, <a href=\"http:\/\/www.hhhart.de\" target=\"_blank\">www.hhhart.de<br \/>\n<\/a><a href=\"https:\/\/rozz-berlin.de\/index.php\/rozz-musiker\/frank-ludeke\" target=\"_self\">Frank L\u00fcdeke (ss, as, fl)<br \/>\n<\/a><a href=\"https:\/\/rozz-berlin.de\/index.php\/rozz-musiker\/chuck-purrington-2\" target=\"_self\">Chuck Purrington (tr, fh)<\/a> bzw. J\u00fcrgen Scheele (tr, fh)<\/span><\/strong><\/div>\n<div>\n<p>Mit der erweiterten Besetzung trat ROZZ auch zum letzten Konzert in Berlin im <a href=\"http:\/\/www.quasimodo.de\" target=\"_blank\">Quasimodo<\/a> am 18.05.1983 an. Der Mitschnitt hat \u00fcberlebt; die digitale Mischung wurde  erfolgreich f\u00fcr eine <a href=\"https:\/\/rozz-berlin.de\/index.php\/rozz-cd-live-1983\" target=\"_self\">Live-CD<\/a> aufbereitet (Erscheinungstermin Dezember 2009!).<\/p>\n<p>2009 ist 30j\u00e4hriges Jubil\u00e4umsjahr f\u00fcr ROZZ; Grund genug f\u00fcr ein Doppelkonzert im Doppelpack mit der 11-k\u00f6pfigen Mannschaft von <a href=\"https:\/\/rozz-berlin.de\/index.php\/riff\" target=\"_self\">RIFF<\/a> mit <a href=\"http:\/\/de.wikipedia.org\/wiki\/Tanja_Berg\" target=\"_blank\">Ute Kannenberg (Gesang)<\/a>, musikalische Weggef\u00e4hrten und Kellernachbarn vom Paul-Lincke-Ufer in Berlin-Kreuzberg, wo vor 33 Jahren die Band RIFF begann.<\/div>\n<div><strong><br \/>\n<\/strong><\/div>\n","protected":false},"excerpt":{"rendered":"<p>Instrumentalband und Synonym f\u00fcr eine Synthese aus ROck und JaZZ, feierte Ende der Siebziger Jahre in (West-)Berlin die ersten Erfolge. Der 1. Preis beim Pop-Nachwuchs-Festival der Deutschen Phono-Akademie 1979 in W\u00fcrzburg, Fernsehauftritte, 2 Plattenproduktionen mit der Firma TELDEC, Mitwirkung an 2 Samplern, Auftritte in s\u00e4mtlichen Clubs von Berlin und 3 Touren durch die alten Bundesl\u00e4nder [&hellip;]<\/p>\n","protected":false},"author":2,"featured_media":0,"parent":0,"menu_order":2,"comment_status":"open","ping_status":"closed","template":"","meta":{"ngg_post_thumbnail":0,"footnotes":""},"class_list":["post-25","page","type-page","status-publish","hentry"],"_links":{"self":[{"href":"https:\/\/rozz-berlin.de\/index.php\/wp-json\/wp\/v2\/pages\/25","targetHints":{"allow":["GET"]}}],"collection":[{"href":"https:\/\/rozz-berlin.de\/index.php\/wp-json\/wp\/v2\/pages"}],"about":[{"href":"https:\/\/rozz-berlin.de\/index.php\/wp-json\/wp\/v2\/types\/page"}],"author":[{"embeddable":true,"href":"https:\/\/rozz-berlin.de\/index.php\/wp-json\/wp\/v2\/users\/2"}],"replies":[{"embeddable":true,"href":"https:\/\/rozz-berlin.de\/index.php\/wp-json\/wp\/v2\/comments?post=25"}],"version-history":[{"count":58,"href":"https:\/\/rozz-berlin.de\/index.php\/wp-json\/wp\/v2\/pages\/25\/revisions"}],"predecessor-version":[{"id":83,"href":"https:\/\/rozz-berlin.de\/index.php\/wp-json\/wp\/v2\/pages\/25\/revisions\/83"}],"wp:attachment":[{"href":"https:\/\/rozz-berlin.de\/index.php\/wp-json\/wp\/v2\/media?parent=25"}],"curies":[{"name":"wp","href":"https:\/\/api.w.org\/{rel}","templated":true}]}}