{"id":268,"date":"2009-09-14T19:58:51","date_gmt":"2009-09-14T17:58:51","guid":{"rendered":"http:\/\/www.rozz-berlin.de\/?page_id=268"},"modified":"2009-12-14T11:50:16","modified_gmt":"2009-12-14T09:50:16","slug":"rozz-short-history","status":"publish","type":"page","link":"https:\/\/rozz-berlin.de\/index.php\/rozz-short-history","title":{"rendered":"ROZZ short (hi)story"},"content":{"rendered":"<h2>Kurze Biographie von ROZZ<\/h2>\n<table border=\"1\" cellspacing=\"0\" cellpadding=\"0\">\n<tbody>\n<tr>\n<td width=\"119\" valign=\"top\">April 1978<\/td>\n<td width=\"250\" valign=\"top\">Bandgr\u00fcndung <a href=\"https:\/\/rozz-berlin.de\/index.php\/rozz-haufige-fragen\" target=\"_self\">ROZZ<\/a> und regelm\u00e4\u00dfige Proben<\/td>\n<\/tr>\n<tr>\n<td width=\"119\" valign=\"top\"><\/td>\n<td width=\"250\" valign=\"top\">Kellerr\u00e4ume am Paul-Lincke-Ufer, Berlin-Kreuzberg: <a href=\"https:\/\/rozz-berlin.de\/index.php\/rozz-musiker\/christian-brandt\" target=\"_blank\">Christian Brandt<\/a>, <a href=\"https:\/\/rozz-berlin.de\/index.php\/rozz-musiker\/knut-jens\" target=\"_blank\">Knut Jens<\/a>, <a href=\"https:\/\/rozz-berlin.de\/index.php\/rozz-musiker\/wolfgang-muller-2\" target=\"_blank\">Wolfgang M\u00fcller<\/a>, <a href=\"https:\/\/rozz-berlin.de\/index.php\/rozz-musiker\/jorg-kleine-tebbe\" target=\"_blank\">J\u00f6rg Kleine-Tebbe<\/a> (von li. nach re.)<br \/>\n<a href=\"https:\/\/rozz-berlin.de\/wp-content\/uploads\/2009\/09\/DSCF3485.jpg\"><img loading=\"lazy\" decoding=\"async\" class=\"alignleft size-medium wp-image-532\" title=\"DSCF3485\" src=\"https:\/\/rozz-berlin.de\/wp-content\/uploads\/2009\/09\/DSCF3485-220x165.jpg\" alt=\"DSCF3485\" width=\"220\" height=\"165\" srcset=\"https:\/\/rozz-berlin.de\/wp-content\/uploads\/2009\/09\/DSCF3485-220x165.jpg 220w, https:\/\/rozz-berlin.de\/wp-content\/uploads\/2009\/09\/DSCF3485-100x75.jpg 100w, https:\/\/rozz-berlin.de\/wp-content\/uploads\/2009\/09\/DSCF3485.jpg 500w\" sizes=\"auto, (max-width: 220px) 100vw, 220px\" \/><\/a><\/td>\n<\/tr>\n<tr>\n<td width=\"119\" valign=\"top\">02.02.1979<\/td>\n<td width=\"250\" valign=\"top\"><a href=\"https:\/\/rozz-berlin.de\/index.php\/rozz-bilder?album=2&amp;gallery=6\" target=\"_blank\">1. Konzert der Band<\/a> mit <a href=\"https:\/\/rozz-berlin.de\/index.php\/rozz-musiker\/hardy-kurbihs\" target=\"_blank\"> Hardy K\u00fcrbihs<\/a> (perc)<\/td>\n<\/tr>\n<tr>\n<td width=\"119\" valign=\"top\">11.11.1979<\/td>\n<td width=\"250\" valign=\"top\">1. Preis beim <a href=\"https:\/\/rozz-berlin.de\/index.php\/rozz-nachwuchspreis\" target=\"_self\">2. Pop-Nachwuchsfestival<\/a> der <a href=\"http:\/\/de.wikipedia.org\/wiki\/Deutsche_Phono-Akademie\" target=\"_blank\">Deutschen Phonoakademie<\/a>, W\u00fcrzburg, Sparte Jazz<\/td>\n<\/tr>\n<tr>\n<td width=\"119\" valign=\"top\">seit 1979<\/td>\n<td width=\"250\" valign=\"top\">Zahlreiche Auftritte bei Festen der entstehenden \u201eAlternativ-Szene\u201c in (West)Berlin; Kooperation mit der Musikerinitiative \u201eJust Friends\u201c (Berliner Bands, vor allem aus Berlin-Spandau)<br \/>\n<a href=\"https:\/\/rozz-berlin.de\/wp-content\/uploads\/2009\/09\/DSCF3494.jpg\"><img loading=\"lazy\" decoding=\"async\" class=\"alignleft size-medium wp-image-608\" title=\"DSCF3494\" src=\"https:\/\/rozz-berlin.de\/wp-content\/uploads\/2009\/09\/DSCF3494-220x304.jpg\" alt=\"DSCF3494\" width=\"220\" height=\"304\" srcset=\"https:\/\/rozz-berlin.de\/wp-content\/uploads\/2009\/09\/DSCF3494-220x304.jpg 220w, https:\/\/rozz-berlin.de\/wp-content\/uploads\/2009\/09\/DSCF3494-100x138.jpg 100w, https:\/\/rozz-berlin.de\/wp-content\/uploads\/2009\/09\/DSCF3494.jpg 500w\" sizes=\"auto, (max-width: 220px) 100vw, 220px\" \/><\/a><\/td>\n<\/tr>\n<tr>\n<td width=\"119\" valign=\"top\">1980<\/td>\n<td width=\"250\" valign=\"top\">Plattenvertrag mit Teldec (Telefunken-Decca)<\/td>\n<\/tr>\n<tr>\n<td width=\"119\" valign=\"top\">1980<\/td>\n<td width=\"250\" valign=\"top\">Studioaufnahmen zur <a href=\"https:\/\/rozz-berlin.de\/index.php\/rozz-studio-lps-198182\" target=\"_self\">1. LP \u201ePr\u00fcfungsangst\u201c<\/a> (Hamburg)<br \/>\n<a href=\"https:\/\/rozz-berlin.de\/wp-content\/uploads\/2009\/09\/DSCF34771.jpg\"><img loading=\"lazy\" decoding=\"async\" class=\"alignleft size-medium wp-image-533\" title=\"DSCF3477\" src=\"https:\/\/rozz-berlin.de\/wp-content\/uploads\/2009\/09\/DSCF34771-220x205.jpg\" alt=\"DSCF3477\" width=\"220\" height=\"205\" srcset=\"https:\/\/rozz-berlin.de\/wp-content\/uploads\/2009\/09\/DSCF34771-220x205.jpg 220w, https:\/\/rozz-berlin.de\/wp-content\/uploads\/2009\/09\/DSCF34771-100x93.jpg 100w, https:\/\/rozz-berlin.de\/wp-content\/uploads\/2009\/09\/DSCF34771.jpg 500w\" sizes=\"auto, (max-width: 220px) 100vw, 220px\" \/><\/a><\/td>\n<\/tr>\n<tr>\n<td width=\"119\" valign=\"top\">1980<\/td>\n<td width=\"250\" valign=\"top\">1. Tour (2 Wochen i.d. alten Bundesl\u00e4ndern)<\/td>\n<\/tr>\n<tr>\n<td width=\"119\" valign=\"top\">1981<\/td>\n<td width=\"250\" valign=\"top\">Studioaufnahmen zur <a href=\"https:\/\/rozz-berlin.de\/index.php\/rozz-studio-lps-198182\" target=\"_self\">2. LP \u201eEisbrecher\u201c<\/a> (Rodgau b. Darmstadt)<br \/>\n<a href=\"https:\/\/rozz-berlin.de\/wp-content\/uploads\/2009\/09\/DSCF34791.jpg\"><img loading=\"lazy\" decoding=\"async\" class=\"alignleft size-medium wp-image-534\" title=\"DSCF3479\" src=\"https:\/\/rozz-berlin.de\/wp-content\/uploads\/2009\/09\/DSCF34791-220x210.jpg\" alt=\"DSCF3479\" width=\"220\" height=\"210\" srcset=\"https:\/\/rozz-berlin.de\/wp-content\/uploads\/2009\/09\/DSCF34791-220x210.jpg 220w, https:\/\/rozz-berlin.de\/wp-content\/uploads\/2009\/09\/DSCF34791-100x95.jpg 100w, https:\/\/rozz-berlin.de\/wp-content\/uploads\/2009\/09\/DSCF34791.jpg 500w\" sizes=\"auto, (max-width: 220px) 100vw, 220px\" \/><\/a><\/td>\n<\/tr>\n<tr>\n<td width=\"119\" valign=\"top\">1981<\/td>\n<td width=\"250\" valign=\"top\">2. Tour (3 Wochen i.d. alten Bundesl\u00e4ndern)<\/td>\n<\/tr>\n<tr>\n<td width=\"119\" valign=\"top\">1982<\/td>\n<td width=\"250\" valign=\"top\">3. Tour (2 Wochen i.d. alten Bundesl\u00e4ndern)<\/td>\n<\/tr>\n<tr>\n<td width=\"119\" valign=\"top\"><\/td>\n<td width=\"250\" valign=\"top\">Erweiterte Besetzung durch <a href=\"https:\/\/rozz-berlin.de\/index.php\/rozz-musiker\/frank-ludeke\" target=\"_blank\">Frank L\u00fcdeke<\/a> (ss, as, fl)<\/td>\n<\/tr>\n<tr>\n<td width=\"119\" valign=\"top\">seit 1983<\/td>\n<td width=\"250\" valign=\"top\">Zus\u00e4tzlicher Bl\u00e4sersatz (Trompete, 2 Saxophone)<\/td>\n<\/tr>\n<tr>\n<td width=\"119\" valign=\"top\">18.05.1983<\/td>\n<td width=\"250\" valign=\"top\">Letzter Auftritt im Quasimodo, Berlin (<a href=\"https:\/\/rozz-berlin.de\/index.php\/rozz-sounds\" target=\"_self\">Live-Mitschnitt<\/a>)<br \/>\n<a href=\"https:\/\/rozz-berlin.de\/wp-content\/uploads\/2009\/09\/DSCF3515.jpg\"><img loading=\"lazy\" decoding=\"async\" class=\"alignleft size-medium wp-image-537\" title=\"DSCF3515\" src=\"https:\/\/rozz-berlin.de\/wp-content\/uploads\/2009\/09\/DSCF3515-220x293.jpg\" alt=\"DSCF3515\" width=\"220\" height=\"293\" srcset=\"https:\/\/rozz-berlin.de\/wp-content\/uploads\/2009\/09\/DSCF3515-220x293.jpg 220w, https:\/\/rozz-berlin.de\/wp-content\/uploads\/2009\/09\/DSCF3515-100x133.jpg 100w, https:\/\/rozz-berlin.de\/wp-content\/uploads\/2009\/09\/DSCF3515.jpg 500w\" sizes=\"auto, (max-width: 220px) 100vw, 220px\" \/><\/a><\/td>\n<\/tr>\n<tr>\n<td width=\"119\" valign=\"top\">04.\/05.12.2009<\/td>\n<td width=\"250\" valign=\"top\"><a href=\"https:\/\/rozz-berlin.de\/index.php\/live-konzert-rozzriff-2009\" target=\"_self\">Revival- und Jubil\u00e4ums-Konzert mit ROZZ &amp; RIFF<\/a><\/td>\n<\/tr>\n<tr>\n<td width=\"119\" valign=\"top\">30 Jahre ROZZ &#8211;<br \/>\n33 Jahre RIFF &#8211;<br \/>\n30 Jahre UFA-Fabrik<\/td>\n<td width=\"250\" valign=\"top\">Berlin-Tempelhof, <a href=\"http:\/\/www.ufafabrik.de\/de\/index.php\" target=\"_blank\">UFA-Fabrik<\/a>, Theatersaal<br \/>\nCD-Release: <a href=\"https:\/\/rozz-berlin.de\/index.php\/rozz-cd-live-1983\" target=\"_self\">ROZZ live im Quasimodo Berlin 1983<\/a><\/td>\n<\/tr>\n<\/tbody>\n<\/table>\n","protected":false},"excerpt":{"rendered":"<p>Kurze Biographie von ROZZ April 1978 Bandgr\u00fcndung ROZZ und regelm\u00e4\u00dfige Proben Kellerr\u00e4ume am Paul-Lincke-Ufer, Berlin-Kreuzberg: Christian Brandt, Knut Jens, Wolfgang M\u00fcller, J\u00f6rg Kleine-Tebbe (von li. nach re.) 02.02.1979 1. Konzert der Band mit Hardy K\u00fcrbihs (perc) 11.11.1979 1. Preis beim 2. Pop-Nachwuchsfestival der Deutschen Phonoakademie, W\u00fcrzburg, Sparte Jazz seit 1979 Zahlreiche Auftritte bei Festen der [&hellip;]<\/p>\n","protected":false},"author":2,"featured_media":0,"parent":0,"menu_order":2,"comment_status":"open","ping_status":"closed","template":"","meta":{"ngg_post_thumbnail":0,"footnotes":""},"class_list":["post-268","page","type-page","status-publish","hentry"],"_links":{"self":[{"href":"https:\/\/rozz-berlin.de\/index.php\/wp-json\/wp\/v2\/pages\/268","targetHints":{"allow":["GET"]}}],"collection":[{"href":"https:\/\/rozz-berlin.de\/index.php\/wp-json\/wp\/v2\/pages"}],"about":[{"href":"https:\/\/rozz-berlin.de\/index.php\/wp-json\/wp\/v2\/types\/page"}],"author":[{"embeddable":true,"href":"https:\/\/rozz-berlin.de\/index.php\/wp-json\/wp\/v2\/users\/2"}],"replies":[{"embeddable":true,"href":"https:\/\/rozz-berlin.de\/index.php\/wp-json\/wp\/v2\/comments?post=268"}],"version-history":[{"count":18,"href":"https:\/\/rozz-berlin.de\/index.php\/wp-json\/wp\/v2\/pages\/268\/revisions"}],"predecessor-version":[{"id":530,"href":"https:\/\/rozz-berlin.de\/index.php\/wp-json\/wp\/v2\/pages\/268\/revisions\/530"}],"wp:attachment":[{"href":"https:\/\/rozz-berlin.de\/index.php\/wp-json\/wp\/v2\/media?parent=268"}],"curies":[{"name":"wp","href":"https:\/\/api.w.org\/{rel}","templated":true}]}}