{"id":27,"date":"2009-06-05T20:13:39","date_gmt":"2009-06-05T18:13:39","guid":{"rendered":"http:\/\/www.allergie-experten.de\/wordpress\/?page_id=27"},"modified":"2009-10-14T11:01:20","modified_gmt":"2009-10-14T09:01:20","slug":"christian-brandt","status":"publish","type":"page","link":"https:\/\/rozz-berlin.de\/index.php\/rozz-musiker\/christian-brandt","title":{"rendered":"Christian Brandt"},"content":{"rendered":"<table border=\"1\" cellspacing=\"0\" cellpadding=\"0\"><img loading=\"lazy\" decoding=\"async\" class=\"size-thumbnail wp-image-397 alignleft\" title=\"Christian Brandt\" src=\"https:\/\/rozz-berlin.de\/wp-content\/uploads\/2009\/06\/CBrandt-klein-100x140.png\" alt=\"Christian Brandt\" width=\"100\" height=\"140\" srcset=\"https:\/\/rozz-berlin.de\/wp-content\/uploads\/2009\/06\/CBrandt-klein-100x140.png 100w, https:\/\/rozz-berlin.de\/wp-content\/uploads\/2009\/06\/CBrandt-klein-220x308.png 220w, https:\/\/rozz-berlin.de\/wp-content\/uploads\/2009\/06\/CBrandt-klein.png 250w\" sizes=\"auto, (max-width: 100px) 100vw, 100px\" \/><\/p>\n<tbody>\n<tr>\n<td width=\"105\" valign=\"top\">1957<\/td>\n<td width=\"291\" valign=\"top\">geboren in Berlin<\/td>\n<\/tr>\n<tr>\n<td width=\"105\" valign=\"top\">Seit 1967<\/td>\n<td width=\"291\" valign=\"top\">Schlagzeugunterricht vom   Vater<\/td>\n<\/tr>\n<tr>\n<td width=\"105\" valign=\"top\">Seit 1970<\/td>\n<td width=\"291\" valign=\"top\">Klavierunterricht f\u00fcr   einige Jahre<\/td>\n<\/tr>\n<tr>\n<td width=\"105\" valign=\"top\">Seit 1973<\/td>\n<td width=\"291\" valign=\"top\">Proben u. \u00dcbungsraum in   der Wrangel-Kaserne, Berlin Kreuzberg<\/td>\n<\/tr>\n<tr>\n<td width=\"105\" valign=\"top\">Seit 1976<\/td>\n<td width=\"291\" valign=\"top\">Proben u. \u00dcbungsraum mit   Wolfgang M\u00fcller in den Kellern am Paul-Lincke-Ufer, Berlin Kreuzberg<\/td>\n<\/tr>\n<tr>\n<td width=\"105\" valign=\"top\">1978 &#8211; 1983<\/td>\n<td width=\"291\" valign=\"top\">Schlagzeuger bei ROZZ<\/td>\n<\/tr>\n<tr>\n<td width=\"105\" valign=\"top\">1987 &#8211; 1989<\/td>\n<td width=\"291\" valign=\"top\">Projekt \u201eCaf\u00e9 Carlo&#8220;,   Oldenburg<\/td>\n<\/tr>\n<tr>\n<td width=\"105\" valign=\"top\">1989 &#8211; 1991<\/td>\n<td width=\"291\" valign=\"top\">Aktive Mitarbeit u.   Schlagzeug bei \u201eThe Other Ones&#8220;<\/td>\n<\/tr>\n<tr>\n<td width=\"105\" valign=\"top\"><\/td>\n<td width=\"291\" valign=\"top\">(u. a. Tournee durch die   ehemalige DDR im Herbst 1989)<\/td>\n<\/tr>\n<tr>\n<td width=\"105\" valign=\"top\">1992 &#8211; 1993<\/td>\n<td width=\"291\" valign=\"top\">Projekt mit Martin Rader   (Ex-Stra\u00dfenk\u00f6ter, Ex Bass-Ballett)<\/td>\n<\/tr>\n<tr>\n<td width=\"105\" valign=\"top\">1993<\/td>\n<td width=\"291\" valign=\"top\">Aufgabe des   Schlagzeugspiels<\/td>\n<\/tr>\n<tr>\n<td width=\"105\" valign=\"top\">Seit 1999<\/td>\n<td width=\"291\" valign=\"top\">Elektronische Musik,   eigene Projekte mit Hardware- und Software-Instrumenten am PC<\/td>\n<\/tr>\n<\/tbody>\n<\/table>\n","protected":false},"excerpt":{"rendered":"<p>1957 geboren in Berlin Seit 1967 Schlagzeugunterricht vom Vater Seit 1970 Klavierunterricht f\u00fcr einige Jahre Seit 1973 Proben u. \u00dcbungsraum in der Wrangel-Kaserne, Berlin Kreuzberg Seit 1976 Proben u. \u00dcbungsraum mit Wolfgang M\u00fcller in den Kellern am Paul-Lincke-Ufer, Berlin Kreuzberg 1978 &#8211; 1983 Schlagzeuger bei ROZZ 1987 &#8211; 1989 Projekt \u201eCaf\u00e9 Carlo&#8220;, Oldenburg 1989 &#8211; [&hellip;]<\/p>\n","protected":false},"author":2,"featured_media":0,"parent":5,"menu_order":1,"comment_status":"closed","ping_status":"closed","template":"","meta":{"ngg_post_thumbnail":0,"footnotes":""},"class_list":["post-27","page","type-page","status-publish","hentry"],"_links":{"self":[{"href":"https:\/\/rozz-berlin.de\/index.php\/wp-json\/wp\/v2\/pages\/27","targetHints":{"allow":["GET"]}}],"collection":[{"href":"https:\/\/rozz-berlin.de\/index.php\/wp-json\/wp\/v2\/pages"}],"about":[{"href":"https:\/\/rozz-berlin.de\/index.php\/wp-json\/wp\/v2\/types\/page"}],"author":[{"embeddable":true,"href":"https:\/\/rozz-berlin.de\/index.php\/wp-json\/wp\/v2\/users\/2"}],"replies":[{"embeddable":true,"href":"https:\/\/rozz-berlin.de\/index.php\/wp-json\/wp\/v2\/comments?post=27"}],"version-history":[{"count":9,"href":"https:\/\/rozz-berlin.de\/index.php\/wp-json\/wp\/v2\/pages\/27\/revisions"}],"predecessor-version":[{"id":187,"href":"https:\/\/rozz-berlin.de\/index.php\/wp-json\/wp\/v2\/pages\/27\/revisions\/187"}],"up":[{"embeddable":true,"href":"https:\/\/rozz-berlin.de\/index.php\/wp-json\/wp\/v2\/pages\/5"}],"wp:attachment":[{"href":"https:\/\/rozz-berlin.de\/index.php\/wp-json\/wp\/v2\/media?parent=27"}],"curies":[{"name":"wp","href":"https:\/\/api.w.org\/{rel}","templated":true}]}}