{"id":483,"date":"2009-09-29T09:06:51","date_gmt":"2009-09-29T07:06:51","guid":{"rendered":"http:\/\/www.rozz-berlin.de\/?page_id=483"},"modified":"2009-10-13T08:09:38","modified_gmt":"2009-10-13T06:09:38","slug":"rozz-studio-lps-198182","status":"publish","type":"page","link":"https:\/\/rozz-berlin.de\/index.php\/rozz-studio-lps-198182","title":{"rendered":"ROZZ Studio LPs 1980\/81"},"content":{"rendered":"<h2>Pr\u00fcfungsangst (6.24269 AO, TELDEC Deutschland)<\/h2>\n<p><a href=\"https:\/\/rozz-berlin.de\/wp-content\/uploads\/2009\/09\/DSCF3477.jpg\"><img loading=\"lazy\" decoding=\"async\" class=\"alignleft size-medium wp-image-489\" title=\"Pr\u00fcfungsangst 1. LP von ROZZ\" src=\"https:\/\/rozz-berlin.de\/wp-content\/uploads\/2009\/09\/DSCF3477-220x205.jpg\" alt=\"Pr\u00fcfungsangst 1. LP von ROZZ\" width=\"220\" height=\"205\" srcset=\"https:\/\/rozz-berlin.de\/wp-content\/uploads\/2009\/09\/DSCF3477-220x205.jpg 220w, https:\/\/rozz-berlin.de\/wp-content\/uploads\/2009\/09\/DSCF3477-100x93.jpg 100w, https:\/\/rozz-berlin.de\/wp-content\/uploads\/2009\/09\/DSCF3477.jpg 500w\" sizes=\"auto, (max-width: 220px) 100vw, 220px\" \/><\/a><\/p>\n<p>Die 1. LP von ROZZ entstand im Februar 1980 im TELDEC Studio in Hamburg.<\/p>\n<p>R\u00fcckseite:<\/p>\n<p><a href=\"https:\/\/rozz-berlin.de\/wp-content\/uploads\/2009\/09\/DSCF3478.jpg\"><img loading=\"lazy\" decoding=\"async\" class=\"alignleft size-medium wp-image-491\" title=\"DSCF3478\" src=\"https:\/\/rozz-berlin.de\/wp-content\/uploads\/2009\/09\/DSCF3478-220x208.jpg\" alt=\"DSCF3478\" width=\"220\" height=\"208\" srcset=\"https:\/\/rozz-berlin.de\/wp-content\/uploads\/2009\/09\/DSCF3478-220x208.jpg 220w, https:\/\/rozz-berlin.de\/wp-content\/uploads\/2009\/09\/DSCF3478-100x94.jpg 100w, https:\/\/rozz-berlin.de\/wp-content\/uploads\/2009\/09\/DSCF3478.jpg 500w\" sizes=\"auto, (max-width: 220px) 100vw, 220px\" \/><\/a><\/p>\n<p>Die Titel wurden teilweise erst im Studio aus dem vorhandenen Programm ausgew\u00e4hlt. Klaus Bohlmann, ein bereits damals au\u00dferordentlich versierter und bekannter Tonmeister, hielt w\u00e4hrend der Aufnahmesitzungen und beim Abmischen die Z\u00fcgel fest in der Hand.<\/p>\n<p>Pr\u00fcfungsangst (6.24269 AO, TELDEC Deutschland 1980)<br \/>\nSeite 1<br \/>\n1. Pr\u00fcfungsangst (J\u00f6rg Kleine-Tebbe) 4:07<br \/>\n2. Omnibass (Knut Jens\/ROZZ) 6:34<br \/>\n3. George Benson am Stutti in der Atlantis Bar (J\u00f6rg Kleine-Tebbe) 4:41<br \/>\n4. Rozz around Kreuzberg (Wolfgang M\u00fcller\/ROZZ) 3:47<\/p>\n<p>Seite 2<br \/>\n5. Ab wie die Feuerwehr (J\u00f6rg Kleine-Tebbe\/ROZZ) 4:32<br \/>\n6. Madow um halb zwei (J\u00f6rg Kleine-Tebbe) 5.23<br \/>\n7. Checkpoint Charly (Knut Jens) 4:48<br \/>\n8. ROZZ (J\u00f6rg Kleine-Tebbe\/ROZZ) 5:19<\/p>\n<h2>Eisbrecher (6.24860 AP, TELDEC Deutschland)<\/h2>\n<p><a href=\"https:\/\/rozz-berlin.de\/wp-content\/uploads\/2009\/09\/DSCF3479.jpg\"><img loading=\"lazy\" decoding=\"async\" class=\"alignleft size-medium wp-image-494\" title=\"DSCF3479\" src=\"https:\/\/rozz-berlin.de\/wp-content\/uploads\/2009\/09\/DSCF3479-220x210.jpg\" alt=\"DSCF3479\" width=\"220\" height=\"210\" srcset=\"https:\/\/rozz-berlin.de\/wp-content\/uploads\/2009\/09\/DSCF3479-220x210.jpg 220w, https:\/\/rozz-berlin.de\/wp-content\/uploads\/2009\/09\/DSCF3479-100x95.jpg 100w, https:\/\/rozz-berlin.de\/wp-content\/uploads\/2009\/09\/DSCF3479.jpg 500w\" sizes=\"auto, (max-width: 220px) 100vw, 220px\" \/><\/a><\/p>\n<p>Die 2. LP von ROZZ wurde 1981 in einem kleinen Studio in Rodgau J\u00fcgesheim in der N\u00e4he von Darmstadt aufgenommen und gemischt.<\/p>\n<p>R\u00fcckseite:<\/p>\n<p><a href=\"https:\/\/rozz-berlin.de\/wp-content\/uploads\/2009\/09\/DSCF3480.jpg\"><img loading=\"lazy\" decoding=\"async\" class=\"alignleft size-medium wp-image-495\" title=\"DSCF3480\" src=\"https:\/\/rozz-berlin.de\/wp-content\/uploads\/2009\/09\/DSCF3480-220x215.jpg\" alt=\"DSCF3480\" width=\"220\" height=\"215\" srcset=\"https:\/\/rozz-berlin.de\/wp-content\/uploads\/2009\/09\/DSCF3480-220x215.jpg 220w, https:\/\/rozz-berlin.de\/wp-content\/uploads\/2009\/09\/DSCF3480-100x97.jpg 100w, https:\/\/rozz-berlin.de\/wp-content\/uploads\/2009\/09\/DSCF3480.jpg 500w\" sizes=\"auto, (max-width: 220px) 100vw, 220px\" \/><\/a><\/p>\n<p>Eisbrecher (6.24860 AP, TELDEC Deutschland 1981)<br \/>\nSeite 1<br \/>\n1. Funkenstein Junior (J\u00f6rg Kleine-Tebbe) 4:04<br \/>\n2. Sturzflug in die S\u00fcdsee (Knut Jens) 3:56<br \/>\n3. Nicht nur f\u00fcrs Nachtprogramm (J\u00f6rg Kleine-Tebbe) 3:47<br \/>\n4. Krawall in Rio (J\u00f6rg Kleine-Tebbe) 4:31<br \/>\n5. Weihnachtsmarkt in Berlin (J\u00f6rg Kleine-Tebbe) 1:30<\/p>\n<p>Seite 2<br \/>\n6. Krach um Zimmermann (J\u00f6rg Kleine-Tebbe) 4:01<br \/>\n7. Fr\u00fchst\u00fcck bei MacDonalds (Knut Jens) 3:30<br \/>\n8. 44 (Knut Jens) 3:09<br \/>\n9. Eva-s-amba (J\u00f6rg Kleine-Tebbe) 4:17<br \/>\n10. Tequila Sunrise (Wolfgang M\u00fcller) 3:13<\/p>\n<p>Die Titel wurden teilweise mit Hilfe der Mehrspurtechnik im Studio durch zus\u00e4tzliche Keyboard- und Percussionspuren &#8222;angereichert&#8220;. Manche Melodie oder Rhythmus lie\u00df sich live in dieser Form nicht reproduzieren.<\/p>\n<p>Ein Sammler von &#8222;krautiger&#8220; Fusion-Musik (Stilmix aus Rock-Jazz-Latin-Funk-Pop u. Haribo) hat die Platte 2009 ausgegraben und in einem auf Englisch betriebenen\u00a0<a href=\"http:\/\/flightneverending.blogspot.com\/2009\/04\/rozz-eisbrecher-germany-1981.html\" target=\"_blank\">Blog<\/a> unter dem Pseudonym &#8222;Fusionaut&#8220; mit anderen Musikbeispielen aus den 70er und 80er Jahre vorgestellt. Dort gibt es einen <a href=\"http:\/\/www.mediafire.com\/download.php?uuygytwkywm\" target=\"_blank\">Link<\/a> zu den kompletten Aufnahmen von Eisbrecher als mp3-Dateien (f\u00fcr Freunde authentischen Knisterns bei Abspielen einer Vinyl-LP).<\/p>\n<h2>Historische Plattenkritiken:<\/h2>\n<p><img loading=\"lazy\" decoding=\"async\" class=\"alignleft size-medium wp-image-514\" title=\"Plattenkritik1.LPZitty1980\" src=\"https:\/\/rozz-berlin.de\/wp-content\/uploads\/2009\/09\/Plattenkritik1.LPZitty19801-220x718.jpg\" alt=\"Plattenkritik1.LPZitty1980\" width=\"220\" height=\"718\" srcset=\"https:\/\/rozz-berlin.de\/wp-content\/uploads\/2009\/09\/Plattenkritik1.LPZitty19801-220x718.jpg 220w, https:\/\/rozz-berlin.de\/wp-content\/uploads\/2009\/09\/Plattenkritik1.LPZitty19801-100x326.jpg 100w, https:\/\/rozz-berlin.de\/wp-content\/uploads\/2009\/09\/Plattenkritik1.LPZitty19801.jpg 595w\" sizes=\"auto, (max-width: 220px) 100vw, 220px\" \/>Johannes Theurer hat als Kulturkritikus bei ZITTY , dem damals noch jungen, alternativen Berliner Stadtmagazin, gerne dem &#8222;Jazz-Rock&#8220; und nicht zuletzt ROZZ den R\u00fccken gest\u00e4rkt. Schlie\u00dflich war er als Fl\u00f6tist bei RIFF und einem Faible f\u00fcr &#8222;Fusion&#8220; (Latin-Funk-Jazz-Rock usw.) mit den Problemen der lokalen Musikszene in West-Berlin der fr\u00fchen 80er Jahre bestens vertraut.<\/p>\n<p><img loading=\"lazy\" decoding=\"async\" class=\"alignleft size-medium wp-image-518\" title=\"PlattenkritikA_TIP1980\" src=\"https:\/\/rozz-berlin.de\/wp-content\/uploads\/2009\/09\/PlattenkritikA_TIP1980-220x478.jpg\" alt=\"PlattenkritikA_TIP1980\" width=\"220\" height=\"478\" srcset=\"https:\/\/rozz-berlin.de\/wp-content\/uploads\/2009\/09\/PlattenkritikA_TIP1980-220x478.jpg 220w, https:\/\/rozz-berlin.de\/wp-content\/uploads\/2009\/09\/PlattenkritikA_TIP1980-100x217.jpg 100w, https:\/\/rozz-berlin.de\/wp-content\/uploads\/2009\/09\/PlattenkritikA_TIP1980.jpg 528w\" sizes=\"auto, (max-width: 220px) 100vw, 220px\" \/><br \/>\n<img loading=\"lazy\" decoding=\"async\" class=\"alignleft size-medium wp-image-517\" title=\"PlattenkritikB_TIP1980\" src=\"https:\/\/rozz-berlin.de\/wp-content\/uploads\/2009\/09\/PlattenkritikB_TIP1980-220x185.jpg\" alt=\"PlattenkritikB_TIP1980\" width=\"220\" height=\"185\" srcset=\"https:\/\/rozz-berlin.de\/wp-content\/uploads\/2009\/09\/PlattenkritikB_TIP1980-220x185.jpg 220w, https:\/\/rozz-berlin.de\/wp-content\/uploads\/2009\/09\/PlattenkritikB_TIP1980-100x84.jpg 100w, https:\/\/rozz-berlin.de\/wp-content\/uploads\/2009\/09\/PlattenkritikB_TIP1980.jpg 546w\" sizes=\"auto, (max-width: 220px) 100vw, 220px\" \/><\/p>\n<p>Plattenkritik im Berliner Stadtmagazin &#8222;TIP&#8220; von 1980<\/p>\n<p><img loading=\"lazy\" decoding=\"async\" class=\"alignleft size-medium wp-image-520\" title=\"PlattenkritikA_Sounds1980\" src=\"https:\/\/rozz-berlin.de\/wp-content\/uploads\/2009\/09\/PlattenkritikA_Sounds1980-220x574.jpg\" alt=\"PlattenkritikA_Sounds1980\" width=\"220\" height=\"574\" srcset=\"https:\/\/rozz-berlin.de\/wp-content\/uploads\/2009\/09\/PlattenkritikA_Sounds1980-220x574.jpg 220w, https:\/\/rozz-berlin.de\/wp-content\/uploads\/2009\/09\/PlattenkritikA_Sounds1980-100x261.jpg 100w, https:\/\/rozz-berlin.de\/wp-content\/uploads\/2009\/09\/PlattenkritikA_Sounds1980.jpg 524w\" sizes=\"auto, (max-width: 220px) 100vw, 220px\" \/><img loading=\"lazy\" decoding=\"async\" class=\"alignleft size-medium wp-image-521\" title=\"PlattenkritikB_Sounds1980\" src=\"https:\/\/rozz-berlin.de\/wp-content\/uploads\/2009\/09\/PlattenkritikB_Sounds1980-220x417.jpg\" alt=\"PlattenkritikB_Sounds1980\" width=\"220\" height=\"417\" srcset=\"https:\/\/rozz-berlin.de\/wp-content\/uploads\/2009\/09\/PlattenkritikB_Sounds1980-220x417.jpg 220w, https:\/\/rozz-berlin.de\/wp-content\/uploads\/2009\/09\/PlattenkritikB_Sounds1980-100x189.jpg 100w, https:\/\/rozz-berlin.de\/wp-content\/uploads\/2009\/09\/PlattenkritikB_Sounds1980.jpg 561w\" sizes=\"auto, (max-width: 220px) 100vw, 220px\" \/><\/p>\n<p>Plattenkritik im Musikmagazin SOUNDS von 1980<\/p>\n<p><img loading=\"lazy\" decoding=\"async\" class=\"alignleft size-medium wp-image-522\" title=\"Plattenkritik_Zitty1981\" src=\"https:\/\/rozz-berlin.de\/wp-content\/uploads\/2009\/09\/Plattenkritik_Zitty1981-220x817.jpg\" alt=\"Plattenkritik_Zitty1981\" width=\"220\" height=\"817\" srcset=\"https:\/\/rozz-berlin.de\/wp-content\/uploads\/2009\/09\/Plattenkritik_Zitty1981-220x817.jpg 220w, https:\/\/rozz-berlin.de\/wp-content\/uploads\/2009\/09\/Plattenkritik_Zitty1981-100x371.jpg 100w, https:\/\/rozz-berlin.de\/wp-content\/uploads\/2009\/09\/Plattenkritik_Zitty1981.jpg 558w\" sizes=\"auto, (max-width: 220px) 100vw, 220px\" \/>Besprechung der 2. LP &#8222;Eisbrecher&#8220; f\u00fcr das Berliner Stadtmagazin ZITTY von 1981.<\/p>\n","protected":false},"excerpt":{"rendered":"<p>Pr\u00fcfungsangst (6.24269 AO, TELDEC Deutschland) Die 1. LP von ROZZ entstand im Februar 1980 im TELDEC Studio in Hamburg. R\u00fcckseite: Die Titel wurden teilweise erst im Studio aus dem vorhandenen Programm ausgew\u00e4hlt. Klaus Bohlmann, ein bereits damals au\u00dferordentlich versierter und bekannter Tonmeister, hielt w\u00e4hrend der Aufnahmesitzungen und beim Abmischen die Z\u00fcgel fest in der Hand. [&hellip;]<\/p>\n","protected":false},"author":2,"featured_media":0,"parent":0,"menu_order":8,"comment_status":"open","ping_status":"closed","template":"","meta":{"ngg_post_thumbnail":0,"footnotes":""},"class_list":["post-483","page","type-page","status-publish","hentry"],"_links":{"self":[{"href":"https:\/\/rozz-berlin.de\/index.php\/wp-json\/wp\/v2\/pages\/483","targetHints":{"allow":["GET"]}}],"collection":[{"href":"https:\/\/rozz-berlin.de\/index.php\/wp-json\/wp\/v2\/pages"}],"about":[{"href":"https:\/\/rozz-berlin.de\/index.php\/wp-json\/wp\/v2\/types\/page"}],"author":[{"embeddable":true,"href":"https:\/\/rozz-berlin.de\/index.php\/wp-json\/wp\/v2\/users\/2"}],"replies":[{"embeddable":true,"href":"https:\/\/rozz-berlin.de\/index.php\/wp-json\/wp\/v2\/comments?post=483"}],"version-history":[{"count":27,"href":"https:\/\/rozz-berlin.de\/index.php\/wp-json\/wp\/v2\/pages\/483\/revisions"}],"predecessor-version":[{"id":485,"href":"https:\/\/rozz-berlin.de\/index.php\/wp-json\/wp\/v2\/pages\/483\/revisions\/485"}],"wp:attachment":[{"href":"https:\/\/rozz-berlin.de\/index.php\/wp-json\/wp\/v2\/media?parent=483"}],"curies":[{"name":"wp","href":"https:\/\/api.w.org\/{rel}","templated":true}]}}