{"id":5,"date":"2009-06-05T20:09:38","date_gmt":"2009-06-05T18:09:38","guid":{"rendered":"http:\/\/www.allergie-experten.de\/wordpress\/?page_id=5"},"modified":"2009-08-15T19:29:33","modified_gmt":"2009-08-15T17:29:33","slug":"rozz-musiker","status":"publish","type":"page","link":"https:\/\/rozz-berlin.de\/index.php\/rozz-musiker","title":{"rendered":"ROZZ Musiker"},"content":{"rendered":"<div>\n<p>Manche Bands werden an Hand ihrer musikalischen Leitfigur identifiziert. Bei anderen ist die \u201eChemie&#8220; zwischen den Mitmusikern pr\u00e4gend und Voraussetzung f\u00fcr weitere Entwicklungen und den gemeinsamen Erfolg. ROZZ geh\u00f6rte zu den letzteren.<\/p>\n<p>Trotz unterschiedlicher Pers\u00f6nlichkeiten, Beweggr\u00fcnde und Vorlieben waren die Musiker von ROZZ sich in zentralen Dinge einig: Kunst kommt von K\u00f6nnen, nicht von Wollen: Sonst hie\u00dfe es \u201eWulst&#8220; (Ludwig Fulda, 1894)<\/p>\n<p>Pr\u00e4zision, Synchronisation und Dynamik fallen nicht vom Himmel, sondern wollten erarbeitet werden (anfangs waren 3 Probentermine\/Woche die Regel). Hier war die Rhythmusgruppe mit Knut Jens am Bass (gesch\u00e4tzt als Groovespezialist und Rhythmuskonstrukteur) und Christian Brandt am Schlagzeug (beliebt wegen filigraner Becken- und Hihat-Arbeit) voll gefragt. Jeder Wumms der Bassdrum wurde mit dem Bass abgestimmt. Durch Synchronisation entsteht \u201eDruck&#8220;. Durch Pr\u00e4zision entsteht \u201eGroove&#8220;. Das richtige Timing war zentrales Anliegen; man durfte \u201eslappen&#8220; (Funkbass-Schlagtechnik aus den 70ern), aber nicht schleppen. Breaks (Spielunterbrechungen) wurden unnachgiebig geprobt, bis sie sa\u00dfen.<\/p>\n<p>Die Gitarrenarbeit von Wolfgang M\u00fcller, solistisch an Rock und Blues orientiert, war der Rockpfeiler in der Musik von ROZZ. Seine Gitarrensoli geh\u00f6ren zu den wenigen, die sich auf Grund ihrer eigenen Handschrift pers\u00f6nlich zuordnen lassen. Das ist nicht h\u00e4ufig bei Instrumentalisten und darf als Auszeichnung gelten.<\/p>\n<p>Den Gegenpol bildete J\u00f6rg Kleine-Tebbe an Fender Rhodes E-Piano, Synthesizer und anderen Tasteninstrumenten. Eher interessiert am jazzigen Zugang zur Improvisation, spendierte er ROZZ einen ordentlichen Jazztouch durch entsprechende Harmonik und skalenorientiertes Spiel an den Tasten.<\/p>\n<p>Hardy K\u00fcrbihs an den Percussion verstand es, mit Hilfe von genialen Ideen die Musik rhytmisch zu bereichern. Ein gewaltiges Gestell mit vielen, teilweise selbstgebauten Instrumenten &#8211; seinem Markenzeichen &#8211; erlaubte ihm die zielsichere Erg\u00e4nzung der rhythmisch orientierten Musik &#8211; das i-T\u00fcpfelchen auf der Fusion-Torte.<\/p>\n<p>Die sp\u00e4ter einbezogenen Bl\u00e4ser, bereits in den fr\u00fchen 80er Jahren bew\u00e4hrte Profis der Berliner Szene, hatten alle ihre eigene Geschichte (siehe Biographien) und meistens wenig Zeit zum Proben:<\/p>\n<p>Frank L\u00fcdecke mit seinen lyrischen Ton auf dem Alt- und Sopransaxofon war bereits in den 70er Jahren in vielen Jazz- und Fusion-Projekten gefragt und besa\u00df bereits damals die F\u00e4higkeit, s\u00e4mtliche Stilarten mit jazzigen Improvisationen \u201everedeln&#8220; zu k\u00f6nnen.<\/p>\n<p>Herbie H. Hart brachte ungetr\u00fcbte Spielfreude mit und entpuppte sich als Freund langer Spannungsb\u00f6gen auf dem Tenorsaxofon.<\/p>\n<p>Chuck Purrington bzw. J\u00fcrgen Scheele \u00fcberzeugten als Trompeter mit klarem Ton, Blattfestigkeit und originellen Improvisationen.<\/p>\n<p><strong>Detailierte Lebensl\u00e4ufe sind alphabetisch geordnet:<\/strong><\/p>\n<p>Christian Brandt (dr, perc)<\/p>\n<p>Knut Jens (bass), www.bit-musikverlag.de<\/p>\n<p>Hardy K\u00fcrbihs (perc)<\/p>\n<p>J\u00f6rg Kleine-Tebbe (key), www.allergie-experten.de<\/p>\n<p>Wolfgang M\u00fcller (git), www.trautonium.org<\/p>\n<p>Bl\u00e4sersatz<\/p>\n<p>Herbie H. Hart (ss, ts), www.hhhart.de<\/p>\n<p>Frank L\u00fcdeke (ss, as, fl)<\/p>\n<p>Chuck Purrington (tr, fh) bzw. J\u00fcrgen Scheele (tr, fh)<\/p><\/div>\n","protected":false},"excerpt":{"rendered":"<p>Manche Bands werden an Hand ihrer musikalischen Leitfigur identifiziert. Bei anderen ist die \u201eChemie&#8220; zwischen den Mitmusikern pr\u00e4gend und Voraussetzung f\u00fcr weitere Entwicklungen und den gemeinsamen Erfolg. ROZZ geh\u00f6rte zu den letzteren. Trotz unterschiedlicher Pers\u00f6nlichkeiten, Beweggr\u00fcnde und Vorlieben waren die Musiker von ROZZ sich in zentralen Dinge einig: Kunst kommt von K\u00f6nnen, nicht von Wollen: [&hellip;]<\/p>\n","protected":false},"author":2,"featured_media":0,"parent":0,"menu_order":5,"comment_status":"closed","ping_status":"closed","template":"","meta":{"ngg_post_thumbnail":0,"footnotes":""},"class_list":["post-5","page","type-page","status-publish","hentry"],"_links":{"self":[{"href":"https:\/\/rozz-berlin.de\/index.php\/wp-json\/wp\/v2\/pages\/5","targetHints":{"allow":["GET"]}}],"collection":[{"href":"https:\/\/rozz-berlin.de\/index.php\/wp-json\/wp\/v2\/pages"}],"about":[{"href":"https:\/\/rozz-berlin.de\/index.php\/wp-json\/wp\/v2\/types\/page"}],"author":[{"embeddable":true,"href":"https:\/\/rozz-berlin.de\/index.php\/wp-json\/wp\/v2\/users\/2"}],"replies":[{"embeddable":true,"href":"https:\/\/rozz-berlin.de\/index.php\/wp-json\/wp\/v2\/comments?post=5"}],"version-history":[{"count":8,"href":"https:\/\/rozz-berlin.de\/index.php\/wp-json\/wp\/v2\/pages\/5\/revisions"}],"predecessor-version":[{"id":138,"href":"https:\/\/rozz-berlin.de\/index.php\/wp-json\/wp\/v2\/pages\/5\/revisions\/138"}],"wp:attachment":[{"href":"https:\/\/rozz-berlin.de\/index.php\/wp-json\/wp\/v2\/media?parent=5"}],"curies":[{"name":"wp","href":"https:\/\/api.w.org\/{rel}","templated":true}]}}