{"id":59,"date":"2009-06-05T20:19:54","date_gmt":"2009-06-05T18:19:54","guid":{"rendered":"http:\/\/www.allergie-experten.de\/wordpress\/?page_id=59"},"modified":"2009-10-14T11:26:05","modified_gmt":"2009-10-14T09:26:05","slug":"knut-jens","status":"publish","type":"page","link":"https:\/\/rozz-berlin.de\/index.php\/rozz-musiker\/knut-jens","title":{"rendered":"Knut Jens"},"content":{"rendered":"<p><img loading=\"lazy\" decoding=\"async\" class=\"alignleft size-thumbnail wp-image-400\" title=\"Knut Jens\" src=\"https:\/\/rozz-berlin.de\/wp-content\/uploads\/2009\/06\/KJens-klein-100x149.png\" alt=\"Knut Jens\" width=\"100\" height=\"149\" srcset=\"https:\/\/rozz-berlin.de\/wp-content\/uploads\/2009\/06\/KJens-klein-100x149.png 100w, https:\/\/rozz-berlin.de\/wp-content\/uploads\/2009\/06\/KJens-klein-220x328.png 220w, https:\/\/rozz-berlin.de\/wp-content\/uploads\/2009\/06\/KJens-klein.png 224w\" sizes=\"auto, (max-width: 100px) 100vw, 100px\" \/><br \/>\nGeboren wurde ich am 9.5.1955 in Berlin-Kreuzberg.<\/p>\n<p>W\u00e4hrend der Grundschulzeit erhielt ich Klavierunterricht, sp\u00e4ter dann Gitarren- und Trompetenunterricht.<\/p>\n<p>Nach dem Abitur studierte ich Mathe und Physik bis zum Vordiplom, danach arbeitete ich nur noch als Musiker (in diversen Bands, als Studio- und Theatermusiker und &#8211; der Kohle wegen &#8211; auch als Tanzmucker).<\/p>\n<p>1986 gr\u00fcndete ich zusammen mit Andreas Danisch den BIT-Musikverlag &#8211; <a href=\"http:\/\/www.bit-musikverlag.de\" target=\"_blank\">www.bit-musikverlag.de<\/a> &#8211; und das BIT-Tonstudio, mein haupts\u00e4chliches Bet\u00e4tigungsfeld.<\/p>\n<p>Als die Jobs f\u00fcr Musiker immer weniger wurden und die Arbeit im Studio immer mehr Zeit in Anspruch nahm habe ich im Jahr 2000 den Bass endg\u00fcltig an den Nagel geh\u00e4ngt und erst jetzt &#8211; aus gegebenem Anla\u00df &#8211; vor\u00fcbergehend wieder in die Hand genommen.<\/p>\n<p>Im Studio habe ich anfangs alles M\u00f6gliche aufgenommen, sp\u00e4ter fast nur noch Jazz, diverse CD erschienen auf dem Label BIT.<\/p>\n<p>Das BIT-Tonstudio wurde 2002 aufgegeben und seitdem konzentriere ich mich ausschlie\u00dflich auf die Verlagsarbeit. Unter anderem produziere ich Filmmusiken und CDs mit Noten im PDF-Format, die Musikern kostenlos zur Verf\u00fcgung gestellt werden.<\/p>\n","protected":false},"excerpt":{"rendered":"<p>Geboren wurde ich am 9.5.1955 in Berlin-Kreuzberg. W\u00e4hrend der Grundschulzeit erhielt ich Klavierunterricht, sp\u00e4ter dann Gitarren- und Trompetenunterricht. Nach dem Abitur studierte ich Mathe und Physik bis zum Vordiplom, danach arbeitete ich nur noch als Musiker (in diversen Bands, als Studio- und Theatermusiker und &#8211; der Kohle wegen &#8211; auch als Tanzmucker). 1986 gr\u00fcndete ich [&hellip;]<\/p>\n","protected":false},"author":2,"featured_media":0,"parent":5,"menu_order":2,"comment_status":"open","ping_status":"closed","template":"","meta":{"ngg_post_thumbnail":0,"footnotes":""},"class_list":["post-59","page","type-page","status-publish","hentry"],"_links":{"self":[{"href":"https:\/\/rozz-berlin.de\/index.php\/wp-json\/wp\/v2\/pages\/59","targetHints":{"allow":["GET"]}}],"collection":[{"href":"https:\/\/rozz-berlin.de\/index.php\/wp-json\/wp\/v2\/pages"}],"about":[{"href":"https:\/\/rozz-berlin.de\/index.php\/wp-json\/wp\/v2\/types\/page"}],"author":[{"embeddable":true,"href":"https:\/\/rozz-berlin.de\/index.php\/wp-json\/wp\/v2\/users\/2"}],"replies":[{"embeddable":true,"href":"https:\/\/rozz-berlin.de\/index.php\/wp-json\/wp\/v2\/comments?post=59"}],"version-history":[{"count":9,"href":"https:\/\/rozz-berlin.de\/index.php\/wp-json\/wp\/v2\/pages\/59\/revisions"}],"predecessor-version":[{"id":566,"href":"https:\/\/rozz-berlin.de\/index.php\/wp-json\/wp\/v2\/pages\/59\/revisions\/566"}],"up":[{"embeddable":true,"href":"https:\/\/rozz-berlin.de\/index.php\/wp-json\/wp\/v2\/pages\/5"}],"wp:attachment":[{"href":"https:\/\/rozz-berlin.de\/index.php\/wp-json\/wp\/v2\/media?parent=59"}],"curies":[{"name":"wp","href":"https:\/\/api.w.org\/{rel}","templated":true}]}}