{"id":64,"date":"2009-08-15T19:50:42","date_gmt":"2009-08-15T17:50:42","guid":{"rendered":"http:\/\/www.allergie-experten.de\/wordpress\/?page_id=64"},"modified":"2016-02-15T21:32:35","modified_gmt":"2016-02-15T19:32:35","slug":"jorg-kleine-tebbe","status":"publish","type":"page","link":"https:\/\/rozz-berlin.de\/index.php\/rozz-musiker\/jorg-kleine-tebbe","title":{"rendered":"J\u00f6rg Kleine-Tebbe"},"content":{"rendered":"<table border=\"1\" cellspacing=\"0\" cellpadding=\"0\">\n<tbody>\n<tr>\n<td width=\"119\" valign=\"top\">Name:<\/td>\n<td width=\"269\" valign=\"top\">Dr. J\u00f6rg (R\u00fcdiger)   Kleine-Tebbe, Arzt<a href=\"https:\/\/rozz-berlin.de\/wp-content\/uploads\/2009\/08\/JKTminiportrait19792009.jpg\"><img loading=\"lazy\" decoding=\"async\" class=\"alignleft size-medium wp-image-687\" title=\"JKTminiportrait1979&amp;2009\" src=\"https:\/\/rozz-berlin.de\/wp-content\/uploads\/2009\/08\/JKTminiportrait19792009-220x156.jpg\" alt=\"JKTminiportrait1979&amp;2009\" width=\"220\" height=\"156\" srcset=\"https:\/\/rozz-berlin.de\/wp-content\/uploads\/2009\/08\/JKTminiportrait19792009-220x156.jpg 220w, https:\/\/rozz-berlin.de\/wp-content\/uploads\/2009\/08\/JKTminiportrait19792009-100x71.jpg 100w, https:\/\/rozz-berlin.de\/wp-content\/uploads\/2009\/08\/JKTminiportrait19792009.jpg 359w\" sizes=\"auto, (max-width: 220px) 100vw, 220px\" \/><\/a><\/td>\n<\/tr>\n<tr>\n<td width=\"119\" valign=\"top\">Geboren:<\/td>\n<td width=\"269\" valign=\"top\">29.08.1957 in T\u00fcbingen<\/td>\n<\/tr>\n<tr>\n<td width=\"119\" valign=\"top\">Musikalische Ausbildung<strong> <\/strong><\/td>\n<td width=\"269\" valign=\"top\"><strong> <\/strong><\/td>\n<\/tr>\n<tr>\n<td width=\"119\" valign=\"top\">1963 &#8211; 1975<\/td>\n<td width=\"269\" valign=\"top\">Klavierunterricht   mit klassischer Ausbildung, Musikschule Bremen, Abteilung Jugendmusikschule   (Tr\u00e4ger: Konservatorium der Freien Hansestadt Bremen e.V.)<\/td>\n<\/tr>\n<\/tbody>\n<\/table>\n<table border=\"1\" cellspacing=\"0\" cellpadding=\"0\" width=\"388\">\n<tbody>\n<tr>\n<td width=\"119\" valign=\"top\">Musikalische Aktivit\u00e4ten<strong> <\/strong><\/td>\n<td width=\"269\" valign=\"top\"><strong> <\/strong><\/td>\n<\/tr>\n<tr>\n<td width=\"119\" valign=\"top\">1971 &#8211;   1976<\/td>\n<td width=\"269\" valign=\"top\">Aktive   Mitarbeit (epiano, keyboards) in wechselnden Bands (Stile: Jazz, Rock)<\/td>\n<\/tr>\n<tr>\n<td width=\"119\" valign=\"top\"><\/td>\n<td width=\"269\" valign=\"top\">Zunehmende   Besch\u00e4ftigung mit improvisierter Musik (Autodidakt)<\/td>\n<\/tr>\n<tr>\n<td width=\"119\" valign=\"top\"><\/td>\n<td width=\"269\" valign=\"top\">Begleitband   von Gerhard Pleus (Liedermacher, Bremen)<\/td>\n<\/tr>\n<tr>\n<td width=\"119\" valign=\"top\">22.05.75<\/td>\n<td width=\"269\" valign=\"top\">Konzert   im Berufsbildungszentrum Bremen, Motto \u201eSprungbrett&#8220;<\/td>\n<\/tr>\n<tr>\n<td width=\"119\" valign=\"top\">1978 &#8211;   1983<\/td>\n<td width=\"269\" valign=\"top\">Gr\u00fcndung   und Entwicklung der Berliner Band ROZZ (Rock-Jazz, Funk, Latin, Fusion)<\/td>\n<\/tr>\n<tr>\n<td width=\"119\" valign=\"top\"><\/td>\n<td width=\"269\" valign=\"top\">Original-Kompositionen,   Arrangements und aktive Mitarbeit (epiano, keyboards)<\/td>\n<\/tr>\n<tr>\n<td width=\"119\" valign=\"top\">1979 &#8211;   1981<\/td>\n<td width=\"269\" valign=\"top\">Sporadische   Mitarbeit (epiano, keyboards) bei der Berliner Band RIFF<\/td>\n<\/tr>\n<tr>\n<td width=\"119\" valign=\"top\"><\/td>\n<td width=\"269\" valign=\"top\">Besetzung:   fl, tr, as, ts, tb, git, keys, b, dr, perc, perc<\/td>\n<\/tr>\n<tr>\n<td width=\"119\" valign=\"top\"><\/td>\n<td width=\"269\" valign=\"top\">Repertoire:   Coverversionen und eigene Arrangements (Jazz, Funk, Latin, Rock)<\/td>\n<\/tr>\n<tr>\n<td width=\"119\" valign=\"top\">1986 &#8211;   1991<\/td>\n<td width=\"269\" valign=\"top\">Aktive   Mitarbeit (epiano, keyboards) bei der Berliner Band &#8222;3 Essentials&#8220;<\/td>\n<\/tr>\n<tr>\n<td width=\"119\" valign=\"top\"><\/td>\n<td width=\"269\" valign=\"top\">mit   Matthias Bolz (g), Anka Heimann (ss, ts),<\/td>\n<\/tr>\n<tr>\n<td width=\"119\" valign=\"top\"><\/td>\n<td width=\"269\" valign=\"top\">Repertoire:   Original-Kompositionen (Jazz, Fusion) und Jazz-Standards<\/td>\n<\/tr>\n<tr>\n<td width=\"119\" valign=\"top\">1989 &#8211;   1991<\/td>\n<td width=\"269\" valign=\"top\">Erweiterung   des Trios zum Quintett bzw. Sextett (&#8222;5 bzw. 6 Essentials&#8220;),<\/td>\n<\/tr>\n<tr>\n<td width=\"119\" valign=\"top\"><\/td>\n<td width=\"269\" valign=\"top\">Repertoire:   Original-Kompositionen (Jazz, Modern Jazz, Fusion Jazz),<\/td>\n<\/tr>\n<tr>\n<td width=\"119\" valign=\"top\"><\/td>\n<td width=\"269\" valign=\"top\">Sporadische   Engagements, Besetzung: ss, (as), g, b, dr, perc<\/td>\n<\/tr>\n<tr>\n<td width=\"119\" valign=\"top\">1991 &#8211;   1995<\/td>\n<td width=\"269\" valign=\"top\"><a name=\"OLE_LINK7\"><\/a><a name=\"OLE_LINK8\"><\/a>Baltimore, USA<\/td>\n<\/tr>\n<tr>\n<td width=\"119\" valign=\"top\">1992 &#8211;   1995<\/td>\n<td width=\"269\" valign=\"top\">Aktive   Mitarbeit (epiano, keyboards) bei der Shea Welsh Group (Fusion Jazz),   Baltimore, Maryland, USA<\/td>\n<\/tr>\n<tr>\n<td width=\"119\" valign=\"top\"><\/td>\n<td width=\"269\" valign=\"top\">Besetzung:   egit (<a href=\"http:\/\/www.sheawelsh.com\/\" target=\"_blank\">Shea Welsh<\/a>), sax, keys, b, dr; siehe auch <a href=\"http:\/\/www.sheawelsh.com\" target=\"_blank\">www.sheawelsh.com<\/a><\/td>\n<\/tr>\n<tr>\n<td width=\"119\" valign=\"top\"><\/td>\n<td width=\"269\" valign=\"top\">Repertoire:   Unbekannte Fusiontitel (Cover), Original-Kompositionen<\/td>\n<\/tr>\n<tr>\n<td width=\"119\" valign=\"top\"><\/td>\n<td width=\"269\" valign=\"top\">Auftritte   in Baltimore, Maryland and Washington DC<\/td>\n<\/tr>\n<tr>\n<td width=\"119\" valign=\"top\">1993 &#8211;   1995<\/td>\n<td width=\"269\" valign=\"top\">Aktive   Mitarbeit (piano, keyboards) im Brian Kooken Septett (Modern Jazz),   Baltimore, USA<\/td>\n<\/tr>\n<tr>\n<td width=\"119\" valign=\"top\"><\/td>\n<td width=\"269\" valign=\"top\">Repertoire:   Original-Kompositionen und Jazz-Standards<\/td>\n<\/tr>\n<tr>\n<td width=\"119\" valign=\"top\"><\/td>\n<td width=\"269\" valign=\"top\">Besetzung:   tr, ts, git (<a href=\"http:\/\/www.myspace.com\/briankookenandthebktrio\" target=\"_blank\">Brian Kooken<\/a>), keys, b, dr, perc; Auftritte in Baltimore u.   Umgebung<\/td>\n<\/tr>\n<tr>\n<td width=\"119\" valign=\"top\">1996 &#8211;   1997<\/td>\n<td width=\"269\" valign=\"top\">Teilnahme   an Jazz-Jamsessions in Leipzig<\/td>\n<\/tr>\n<tr>\n<td width=\"119\" valign=\"top\">1997 &#8211;   1999<\/td>\n<td width=\"269\" valign=\"top\"><span style=\"line-height: 19px;\">Aktive   Mitarbeit (epiano, keyboards) bei <\/span><a style=\"line-height: 19px;\" href=\"http:\/\/www.myspace.com\/paratoxisch\" target=\"_blank\">PARA-TOX<\/a><span style=\"line-height: 19px;\"> (Fusion-Jazz) in Leipzig, <\/span><\/td>\n<\/tr>\n<tr>\n<td width=\"119\" valign=\"top\"><\/td>\n<td width=\"269\" valign=\"top\"><span style=\"font-size: 11px;\"><a href=\"https:\/\/rozz-berlin.de\/wp-content\/uploads\/2009\/08\/Para-Tox_Leipzig_1997.jpg\"><img loading=\"lazy\" decoding=\"async\" class=\"aligncenter size-medium wp-image-742\" title=\"Para-Tox_Leipzig_1997\" src=\"https:\/\/rozz-berlin.de\/wp-content\/uploads\/2009\/08\/Para-Tox_Leipzig_1997-220x165.jpg\" alt=\"Para-Tox_Leipzig_1997\" width=\"220\" height=\"165\" srcset=\"https:\/\/rozz-berlin.de\/wp-content\/uploads\/2009\/08\/Para-Tox_Leipzig_1997-220x165.jpg 220w, https:\/\/rozz-berlin.de\/wp-content\/uploads\/2009\/08\/Para-Tox_Leipzig_1997-100x75.jpg 100w, https:\/\/rozz-berlin.de\/wp-content\/uploads\/2009\/08\/Para-Tox_Leipzig_1997-800x600.jpg 800w\" sizes=\"auto, (max-width: 220px) 100vw, 220px\" \/><\/a><\/span><span style=\"font-size: 11px;\">Foto: PARA-TOX, Leipzig 1997 (v. li. n. re): <a href=\"http:\/\/www.hendrik-bertram.de\/henne-studio-leipzig\/\" target=\"_blank\">Hendrik Bertram<\/a> (bass), <a href=\"http:\/\/www.fnprojekte.de\/\" target=\"_blank\">Frank Nowicky<\/a> (ts, as, ss, fl), J\u00f6rg Kleine-Tebbe (keys), <a href=\"http:\/\/j\u00f6rganders.de\/Jorg_Anders\/Start.html\" target=\"_blank\">J\u00f6rg Anders<\/a> (git, git-synth), <a href=\"http:\/\/www.kabarett-leipziger-pfeffermuehle.de\/darsteller\/pfeffermuehle\/peter_jakubik.html\" target=\"_blank\">Peter Jakubik<\/a> (dr). <\/span><span style=\"line-height: 19px;\">Repertoire: Ausschlie\u00dflich Originalkompositionen (Fusion-Jazz, Funk, Jazz-Rock)<\/span><\/td>\n<\/tr>\n<tr>\n<td width=\"119\" valign=\"top\"><\/td>\n<td width=\"269\" valign=\"top\">Auftritte   in Leipzig, Berlin und den Neuen Bundesl\u00e4ndern<\/td>\n<\/tr>\n<tr>\n<td width=\"119\" valign=\"top\">Seit 1999<\/td>\n<td width=\"269\" valign=\"top\">Sporadisch   Auftritte und Mitarbeit (epiano, keyboards) in der <a href=\"http:\/\/www.bolzband.de\/index.htm\" target=\"_blank\">bOLzbANd<\/a>, K\u00f6ln,<\/td>\n<\/tr>\n<tr>\n<td width=\"119\" valign=\"top\"><\/td>\n<td width=\"269\" valign=\"top\">Besetzung:   git (Matthias Bolz), sax, keys, b, dr, (perc),<\/td>\n<\/tr>\n<tr>\n<td width=\"119\" valign=\"top\"><\/td>\n<td width=\"269\" valign=\"top\">Repertoire:   Originalkompositionen (Jazz, Modern Jazz, Fusionjazz)<\/td>\n<\/tr>\n<tr>\n<td width=\"119\" valign=\"top\">Seit 2000<\/td>\n<td width=\"269\" valign=\"top\">Sporadische   Auftritte und Mitarbeit (epiano, keyboards) mit <a href=\"https:\/\/rozz-berlin.de\/index.php\/riff\" target=\"_self\">RIFF<\/a>, Berlin,<\/td>\n<\/tr>\n<tr>\n<td width=\"119\" valign=\"top\"><\/td>\n<td width=\"269\" valign=\"top\">Besetzung:   voc, fl, tr, tr, ts, ts, tr, git, keys, dr, perc,<\/td>\n<\/tr>\n<tr>\n<td width=\"119\" valign=\"top\"><\/td>\n<td width=\"269\" valign=\"top\">Repertoire:   Originalkompositionen und Jazz-Latin-Funk-Cover<\/td>\n<\/tr>\n<tr>\n<td width=\"119\" valign=\"top\">Seit 2001<\/td>\n<td width=\"269\" valign=\"top\">Sporadische   Auftritte und Mitarbeit (keyboards) im Berlin-Leipzig*-Trio (BLT),<\/td>\n<\/tr>\n<tr>\n<td width=\"119\" valign=\"top\"><\/td>\n<td width=\"269\" valign=\"top\"><a href=\"https:\/\/rozz-berlin.de\/wp-content\/uploads\/2009\/08\/Berlin-Leipzig-Trio.jpg\"><img loading=\"lazy\" decoding=\"async\" class=\"aligncenter size-medium wp-image-740\" title=\"Berlin-Leipzig-Trio\" src=\"https:\/\/rozz-berlin.de\/wp-content\/uploads\/2009\/08\/Berlin-Leipzig-Trio-220x146.jpg\" alt=\"Berlin-Leipzig-Trio\" width=\"220\" height=\"146\" srcset=\"https:\/\/rozz-berlin.de\/wp-content\/uploads\/2009\/08\/Berlin-Leipzig-Trio-220x146.jpg 220w, https:\/\/rozz-berlin.de\/wp-content\/uploads\/2009\/08\/Berlin-Leipzig-Trio-100x66.jpg 100w, https:\/\/rozz-berlin.de\/wp-content\/uploads\/2009\/08\/Berlin-Leipzig-Trio-800x533.jpg 800w\" sizes=\"auto, (max-width: 220px) 100vw, 220px\" \/><\/a>Besetzung (von li. nach re.):\u00a0*<a href=\"http:\/\/j\u00f6rganders.de\/Jorg_Anders\/Start.html\" target=\"_blank\">J\u00f6rg Anders (g)<\/a>, J\u00f6rg Kleine-Tebbe (keys), *<a href=\"http:\/\/www.hendrik-bertram.de\/henne-studio-leipzig\/\" target=\"_blank\">Hendrik Bertram (b)<\/a>; *Leipzig<\/td>\n<\/tr>\n<tr>\n<td width=\"119\" valign=\"top\"><\/td>\n<td width=\"269\" valign=\"top\">Repertoire:<br \/>\nOriginalkompositionen und Jazz-Funk-Standards<\/td>\n<\/tr>\n<\/tbody>\n<\/table>\n<table border=\"1\" cellspacing=\"0\" cellpadding=\"0\">\n<tbody>\n<tr>\n<td width=\"119\" valign=\"top\">Berufliche Ausbildung<strong> <\/strong><\/td>\n<td width=\"269\" valign=\"top\"><strong> <\/strong><\/td>\n<\/tr>\n<tr>\n<td width=\"119\" valign=\"top\">1964 &#8211;   1976<\/td>\n<td width=\"269\" valign=\"top\">Schulausbildung   und Allgemeine Hochschulreife, Bremen<\/td>\n<\/tr>\n<tr>\n<td width=\"119\" valign=\"top\">1977 &#8211;   1985<\/td>\n<td width=\"269\" valign=\"top\">Studium   der Humanmedizin an der Freien Universit\u00e4t (FU) Berlin<\/td>\n<\/tr>\n<tr>\n<td width=\"119\" valign=\"top\">03.01.1986<\/td>\n<td width=\"269\" valign=\"top\">\u00c4rztliche   Approbation<\/td>\n<\/tr>\n<tr>\n<td width=\"119\" valign=\"top\">Berufliche und   wissenschaftliche T\u00e4tigkeit<strong><\/strong><\/td>\n<td width=\"269\" valign=\"top\"><strong><\/strong><\/td>\n<\/tr>\n<tr>\n<td width=\"119\" valign=\"top\">1986 &#8211;   1991<\/td>\n<td width=\"269\" valign=\"top\">Wissenschaftlicher   Mitarbeiter, Arzt in Weiterbildung Dermatologie und Allergologie<\/td>\n<\/tr>\n<tr>\n<td width=\"119\" valign=\"top\"><\/td>\n<td width=\"269\" valign=\"top\">Hautklinik   und Hautpoliklinik; Institut f\u00fcr Klinische Immunologie u. Asthmapoliklinik,   Universit\u00e4tsklinikum Rudolf Virchow (UKRV), FU Berlin<\/td>\n<\/tr>\n<tr>\n<td width=\"119\" valign=\"top\">1991 &#8211;   1995<\/td>\n<td width=\"269\" valign=\"top\">Wissenschaftlicher   Mitarbeiter (&#8222;Visiting Scientist&#8220;, Instructor in Medicine)<\/td>\n<\/tr>\n<tr>\n<td width=\"119\" valign=\"top\"><\/td>\n<td width=\"269\" valign=\"top\">Division   of Allergy and Clinical Immunology (Direktor: Prof. Lawrence M. Lichtenstein, Prof. David G. Marsh)<\/td>\n<\/tr>\n<tr>\n<td width=\"119\" valign=\"top\"><\/td>\n<td width=\"269\" valign=\"top\">Johns   Hopkins Asthma and Allergy Center (JHAAC), Baltimore, Maryland, USA<\/td>\n<\/tr>\n<tr>\n<td width=\"119\" valign=\"top\">1996 &#8211;   2001<\/td>\n<td width=\"269\" valign=\"top\">Wiss.   Mitarbeiter in der Klinik u. Poliklinik f\u00fcr Hautkrankheiten der Universit\u00e4t   Leipzig, Betreuung der Allergie-Sprechstunde und Forschungsprojekte<\/td>\n<\/tr>\n<tr>\n<td width=\"119\" valign=\"top\">Seit 1996<\/td>\n<td width=\"269\" valign=\"top\">Regelm\u00e4\u00dfige   Referentent\u00e4tigkeit und Mitarbeit an medizinischen Leitlinien<\/td>\n<\/tr>\n<tr>\n<td width=\"119\" valign=\"top\">Seit 2002<\/td>\n<td width=\"269\" valign=\"top\">Allergie-   und Asthma-Zentrum Westend (AAZW) in Berlin-Charlottenburg<br \/>\n<a href=\"https:\/\/rozz-berlin.de\/wp-content\/uploads\/2009\/08\/AAZW_Team20081.jpg\"><img loading=\"lazy\" decoding=\"async\" class=\"alignnone size-medium wp-image-699\" title=\"AAZW_Team2008\" src=\"https:\/\/rozz-berlin.de\/wp-content\/uploads\/2009\/08\/AAZW_Team20081-220x146.jpg\" alt=\"AAZW_Team2008\" width=\"220\" height=\"146\" srcset=\"https:\/\/rozz-berlin.de\/wp-content\/uploads\/2009\/08\/AAZW_Team20081-220x146.jpg 220w, https:\/\/rozz-berlin.de\/wp-content\/uploads\/2009\/08\/AAZW_Team20081-100x66.jpg 100w, https:\/\/rozz-berlin.de\/wp-content\/uploads\/2009\/08\/AAZW_Team20081.jpg 720w\" sizes=\"auto, (max-width: 220px) 100vw, 220px\" \/><\/a><\/td>\n<\/tr>\n<tr>\n<td width=\"119\" valign=\"top\"><\/td>\n<td width=\"269\" valign=\"top\">Gemeinschaftspraxis   mit Prof. Dr. Gert Kunkel, Dr. Herold, aktuell mit Dr. Gerald Hanf u. Dr. Juliane Ackermann-Simon; <a href=\"http:\/\/www.allergie-experten.de\" target=\"_blank\">www.allergie-experten.de<\/a><\/td>\n<\/tr>\n<tr>\n<td width=\"119\" valign=\"top\">Seit 2003<\/td>\n<td width=\"269\" valign=\"top\">Untersuchungszentrum   f. Dermatologie, Allergologie u. Asthma (UZDAA)<\/td>\n<\/tr>\n<tr>\n<td width=\"119\" valign=\"top\"><\/td>\n<td width=\"269\" valign=\"top\">Vorbereitung   und Durchf\u00fchrung von klin. Studien u. wissenschaftl. Untersuchungen mit Dr.   G. Hanf, Dr. J. Ackermann-Simon u. Prof. Dr. G. Kunkel<\/td>\n<\/tr>\n<\/tbody>\n<\/table>\n<p><strong>Kontakt:<\/strong><\/p>\n<p>Priv.-Doz. Dr. med. J\u00f6rg Kleine-Tebbe<\/p>\n<p>Schlossstr. 51<\/p>\n<p>14059 Berlin<\/p>\n<p>Fon +49-30-36405860<\/p>\n<p>Fax +49-30-36405861<\/p>\n<p>Allergie- und Asthma-Zentrum Westend<\/p>\n<p>Praxis Hanf, Herold &amp; Kleine-Tebbe<\/p>\n<p>Spandauer Damm 130, Haus 9<\/p>\n<p>14050 Berlin<\/p>\n<p>fon: +49-30-30202910<\/p>\n<p>fax: +49-30-30202920<\/p>\n<p>kontakt@allergie-experten.de<\/p>\n<p><a href=\"http:\/\/www.allergie-experten.de\" target=\"_blank\">www.allergie-experten.de<\/a><\/p>\n","protected":false},"excerpt":{"rendered":"<p>Name: Dr. J\u00f6rg (R\u00fcdiger) Kleine-Tebbe, Arzt Geboren: 29.08.1957 in T\u00fcbingen Musikalische Ausbildung 1963 &#8211; 1975 Klavierunterricht mit klassischer Ausbildung, Musikschule Bremen, Abteilung Jugendmusikschule (Tr\u00e4ger: Konservatorium der Freien Hansestadt Bremen e.V.) Musikalische Aktivit\u00e4ten 1971 &#8211; 1976 Aktive Mitarbeit (epiano, keyboards) in wechselnden Bands (Stile: Jazz, Rock) Zunehmende Besch\u00e4ftigung mit improvisierter Musik (Autodidakt) Begleitband von Gerhard Pleus [&hellip;]<\/p>\n","protected":false},"author":2,"featured_media":0,"parent":5,"menu_order":3,"comment_status":"open","ping_status":"closed","template":"","meta":{"ngg_post_thumbnail":0,"footnotes":""},"class_list":["post-64","page","type-page","status-publish","hentry"],"_links":{"self":[{"href":"https:\/\/rozz-berlin.de\/index.php\/wp-json\/wp\/v2\/pages\/64","targetHints":{"allow":["GET"]}}],"collection":[{"href":"https:\/\/rozz-berlin.de\/index.php\/wp-json\/wp\/v2\/pages"}],"about":[{"href":"https:\/\/rozz-berlin.de\/index.php\/wp-json\/wp\/v2\/types\/page"}],"author":[{"embeddable":true,"href":"https:\/\/rozz-berlin.de\/index.php\/wp-json\/wp\/v2\/users\/2"}],"replies":[{"embeddable":true,"href":"https:\/\/rozz-berlin.de\/index.php\/wp-json\/wp\/v2\/comments?post=64"}],"version-history":[{"count":23,"href":"https:\/\/rozz-berlin.de\/index.php\/wp-json\/wp\/v2\/pages\/64\/revisions"}],"predecessor-version":[{"id":156,"href":"https:\/\/rozz-berlin.de\/index.php\/wp-json\/wp\/v2\/pages\/64\/revisions\/156"}],"up":[{"embeddable":true,"href":"https:\/\/rozz-berlin.de\/index.php\/wp-json\/wp\/v2\/pages\/5"}],"wp:attachment":[{"href":"https:\/\/rozz-berlin.de\/index.php\/wp-json\/wp\/v2\/media?parent=64"}],"curies":[{"name":"wp","href":"https:\/\/api.w.org\/{rel}","templated":true}]}}