{"id":66,"date":"2009-06-05T20:21:31","date_gmt":"2009-06-05T18:21:31","guid":{"rendered":"http:\/\/www.allergie-experten.de\/wordpress\/?page_id=66"},"modified":"2010-01-04T10:58:52","modified_gmt":"2010-01-04T08:58:52","slug":"hardy-kurbihs","status":"publish","type":"page","link":"https:\/\/rozz-berlin.de\/index.php\/rozz-musiker\/hardy-kurbihs","title":{"rendered":"Hardy K\u00fcrbihs"},"content":{"rendered":"<p><strong><img loading=\"lazy\" decoding=\"async\" class=\"alignnone size-full wp-image-460\" title=\"Hardy K\u00fcrbihs\" src=\"https:\/\/rozz-berlin.de\/wp-content\/uploads\/2009\/06\/HardyK\u00fcrbihs-kleine.png\" alt=\"Hardy K\u00fcrbihs\" width=\"181\" height=\"200\" srcset=\"https:\/\/rozz-berlin.de\/wp-content\/uploads\/2009\/06\/HardyK\u00fcrbihs-kleine.png 323w, https:\/\/rozz-berlin.de\/wp-content\/uploads\/2009\/06\/HardyK\u00fcrbihs-kleine-100x110.png 100w, https:\/\/rozz-berlin.de\/wp-content\/uploads\/2009\/06\/HardyK\u00fcrbihs-kleine-220x243.png 220w\" sizes=\"auto, (max-width: 181px) 100vw, 181px\" \/><\/strong><\/p>\n<p>Geboren am 18.05.1955 in Berlin<\/p>\n<p><strong>Musikalische Ausbildung<\/strong><\/p>\n<p>Keine (Autodidakt)<\/p>\n<p>Schon in der Schule war Musik mein Lieblingsfach. Nach etlichen Versuchen mit Tasten-, Saiten- und Blasinstrumenten landete ich schlie\u00dflich bei den Schlaginstrumenten.<\/p>\n<p>Am Anfang waren es einfache Ton-Bongos mit Naturfellen.<\/p>\n<p style=\"text-align: center;\"><img loading=\"lazy\" decoding=\"async\" class=\"aligncenter size-medium wp-image-475\" title=\"Ich spielte auch mal bei Viktoria 89 Fussball und in der Abwehr gab es dann auch mal ein Gipsbein ;-{\" src=\"https:\/\/rozz-berlin.de\/wp-content\/uploads\/2009\/06\/hardy-bongos-219x303.jpg\" alt=\"Ich spielte auch mal bei Viktoria 89 Fussball und in der Abwehr gab es dann auch mal ein Gipsbein ;-{\" width=\"219\" height=\"303\" srcset=\"https:\/\/rozz-berlin.de\/wp-content\/uploads\/2009\/06\/hardy-bongos-219x303.jpg 219w, https:\/\/rozz-berlin.de\/wp-content\/uploads\/2009\/06\/hardy-bongos-100x138.jpg 100w, https:\/\/rozz-berlin.de\/wp-content\/uploads\/2009\/06\/hardy-bongos.jpg 428w\" sizes=\"auto, (max-width: 219px) 100vw, 219px\" \/>Abb. Hardy mit Gipsbein (Foto: Keule Bernd)<\/p>\n<p>Es folgten Holz-Bongos mit Kunststoff-Fellen, die auch mit einem Stock bzw. Sticks gespielt werden konnten. Das war es: Schlagzeug (dr)! Vorbilder waren Ginger Baker, Billy Cobham und Mani Neumeier von GURU GURU, der eine Symbiose von Schlagzeug und Percussion schaffte. In einer Schulband (Luise-Henriette-Oberschule) wurde 1972 zusammen mit Knut Jens (b) und Uwe Kurzeja (git) die Gruppe ANTARES gegr\u00fcndet.<\/p>\n<p style=\"text-align: center;\"><a href=\"https:\/\/rozz-berlin.de\/wp-content\/uploads\/2009\/06\/hardy-antares1.jpg\"><img loading=\"lazy\" decoding=\"async\" class=\"aligncenter size-full wp-image-302\" title=\"ANTARES im Probenraum\" src=\"https:\/\/rozz-berlin.de\/wp-content\/uploads\/2009\/06\/hardy-antares1.jpg\" alt=\"ANTARES im Probenraum\" width=\"473\" height=\"285\" srcset=\"https:\/\/rozz-berlin.de\/wp-content\/uploads\/2009\/06\/hardy-antares1.jpg 591w, https:\/\/rozz-berlin.de\/wp-content\/uploads\/2009\/06\/hardy-antares1-100x60.jpg 100w, https:\/\/rozz-berlin.de\/wp-content\/uploads\/2009\/06\/hardy-antares1-220x132.jpg 220w\" sizes=\"auto, (max-width: 473px) 100vw, 473px\" \/><\/a>Abb. Schulbandprobe (3 Musiker)<\/p>\n<p>Es gab die ersten Live-Auftritte, wo Rockmusik ohne Gesang angesagt war. Sp\u00e4ter kam dann noch Keyboard hinzu.<\/p>\n<p style=\"text-align: center;\"><a href=\"https:\/\/rozz-berlin.de\/wp-content\/uploads\/2009\/06\/hardy-antares-live1.jpg\"><img loading=\"lazy\" decoding=\"async\" class=\"aligncenter size-full wp-image-301\" title=\"ANTARES live\" src=\"https:\/\/rozz-berlin.de\/wp-content\/uploads\/2009\/06\/hardy-antares-live1.jpg\" alt=\"ANTARES live\" width=\"473\" height=\"329\" srcset=\"https:\/\/rozz-berlin.de\/wp-content\/uploads\/2009\/06\/hardy-antares-live1.jpg 591w, https:\/\/rozz-berlin.de\/wp-content\/uploads\/2009\/06\/hardy-antares-live1-100x69.jpg 100w, https:\/\/rozz-berlin.de\/wp-content\/uploads\/2009\/06\/hardy-antares-live1-220x152.jpg 220w\" sizes=\"auto, (max-width: 473px) 100vw, 473px\" \/><\/a>Abb. Schulbandauftritt (4 Musiker)<\/p>\n<p>Vorbilder waren Genesis mit Phil Collins, sowie Gentle Giant oder auch Gong.<\/p>\n<p>Durch einen \u00dcbungsraumwechsel von Tempelhof (G\u00f6tzstr.) nach Kreuzberg zum Paul-Lincke-Ufer, lernte ich dort zusammen mit Knut die Musiker Christian Brandt (dr) und Wolfgang M\u00fcller (git) kennen.<\/p>\n<p>Nach einigen Versuchen mit zwei Schlagzeugern, b, git und keyb Jazz\/Rock zu spielen, wechselte ich dann zu meinen Wurzeln: Percussion (perc)!<\/p>\n<p>Das war der Beginn bei der Gruppe ROZZ.<\/p>\n<p>Trotzdem war mein Vorbild in erster Linie die Gruppe Santana.<\/p>\n<p>1979 war ich Gast-Musiker bei der Gruppe Wacholder<br \/>\nauf der LP Gin \u00b7 Phonic (perc. auf &#8218;On Our Concerts&#8216;).<\/p>\n<p style=\"text-align: center;\"><a href=\"https:\/\/rozz-berlin.de\/wp-content\/uploads\/2009\/06\/wacholder2.jpg\"><img loading=\"lazy\" decoding=\"async\" class=\"aligncenter size-medium wp-image-295\" title=\"Plattencover Wacholder (Gin \u00b7 Phonic)\" src=\"https:\/\/rozz-berlin.de\/wp-content\/uploads\/2009\/06\/wacholder2-220x212.jpg\" alt=\"Plattencover Wacholder (Gin \u00b7 Phonic)\" width=\"220\" height=\"212\" srcset=\"https:\/\/rozz-berlin.de\/wp-content\/uploads\/2009\/06\/wacholder2-220x212.jpg 220w, https:\/\/rozz-berlin.de\/wp-content\/uploads\/2009\/06\/wacholder2-100x96.jpg 100w, https:\/\/rozz-berlin.de\/wp-content\/uploads\/2009\/06\/wacholder2.jpg 280w\" sizes=\"auto, (max-width: 220px) 100vw, 220px\" \/><\/a>Abb. Plattencover Wacholder (Gin \u00b7 Phonic)<\/p>\n<p>Bei der Wahl zwischen Job und Musik entschied ich mich f\u00fcr den Job und beendete somit 1983 meine Musiker Karriere.<\/p>\n<p>Aber eigentlich war ich ja irgendwie immer noch ein Rock(musik)er bzw. AME-Chopper-Biker.<\/p>\n<p style=\"text-align: center;\"><a href=\"https:\/\/rozz-berlin.de\/wp-content\/uploads\/2009\/06\/hardy-karre1.jpg\"><img loading=\"lazy\" decoding=\"async\" class=\"aligncenter size-full wp-image-300\" title=\"Ein anderes Hobby war das Schrauben an meinem AME-Chopper: Chrom bis zum Abwinken :-)\" src=\"https:\/\/rozz-berlin.de\/wp-content\/uploads\/2009\/06\/hardy-karre1.jpg\" alt=\"Ein anderes Hobby war das Schrauben an meinem AME-Chopper: Chrom bis zum Abwinken :-)\" width=\"413\" height=\"331\" srcset=\"https:\/\/rozz-berlin.de\/wp-content\/uploads\/2009\/06\/hardy-karre1.jpg 413w, https:\/\/rozz-berlin.de\/wp-content\/uploads\/2009\/06\/hardy-karre1-100x80.jpg 100w, https:\/\/rozz-berlin.de\/wp-content\/uploads\/2009\/06\/hardy-karre1-220x176.jpg 220w\" sizes=\"auto, (max-width: 413px) 100vw, 413px\" \/><\/a>Abb. Hardy auf Motorrad (Foto: Keule Bernd)<\/p>\n<p>Sp\u00e4ter folgten noch einige Aktivit\u00e4ten als Schlagzeuger, aber nur Just for Fun.<\/p>\n<p>Anfang 2008 fiel mir beim Nachbarn auf einem Geburtstag eine Djembe (Afrikanische Trommel) in die H\u00e4nde und es packte mich wieder:<\/p>\n<p style=\"text-align: center;\">Trommeln bis die H\u00e4nde bluten &#8230;<\/p>\n<p style=\"text-align: center;\"><a href=\"https:\/\/rozz-berlin.de\/wp-content\/uploads\/2009\/06\/hardy-djembe.jpg\"><img loading=\"lazy\" decoding=\"async\" class=\"aligncenter size-medium wp-image-293\" title=\"Hardy testet eine Djembe bei Wolfgang im Tonstudio\" src=\"https:\/\/rozz-berlin.de\/wp-content\/uploads\/2009\/06\/hardy-djembe-220x302.jpg\" alt=\"Hardy testet eine Djembe bei Wolfgang im Tonstudio\" width=\"220\" height=\"302\" srcset=\"https:\/\/rozz-berlin.de\/wp-content\/uploads\/2009\/06\/hardy-djembe-220x302.jpg 220w, https:\/\/rozz-berlin.de\/wp-content\/uploads\/2009\/06\/hardy-djembe-100x137.jpg 100w, https:\/\/rozz-berlin.de\/wp-content\/uploads\/2009\/06\/hardy-djembe.jpg 430w\" sizes=\"auto, (max-width: 220px) 100vw, 220px\" \/><\/a>Abb. Hardy mit Djembe (Foto: <a href=\"http:\/\/www.hada1712.de\/\" target=\"_blank\">hada1712<\/a>)<\/p>\n<p>Ich erstand Congas, Bongos, 3 Djembe und im Sommer 2009 noch ein e-Drum und Gitarren Verst\u00e4rker. Nun hie\u00df es \u00fcben, \u00fcben, \u00fcben &#8230;<\/p>\n<p>Aktuelle Ausstattung :<\/p>\n<p>&#8211; Congas von MEINL<br \/>\n&#8211; Bongos von MEINL<\/p>\n<p>&#8211; 63 cm Djembe (verkauft an einen sehr talentierten Trommler):<\/p>\n<div id=\"attachment_737\" style=\"width: 230px\" class=\"wp-caption aligncenter\"><a href=\"https:\/\/rozz-berlin.de\/wp-content\/uploads\/2009\/06\/Daniel_mit_Djembe.jpg\"><img loading=\"lazy\" decoding=\"async\" aria-describedby=\"caption-attachment-737\" class=\"size-medium wp-image-737\" title=\"Daniel testet die Djembe beim ROZZ-Konzert am 04.12.2009 in der UFA-Fabrik (Foto: Reiner Pruchnik)\" src=\"https:\/\/rozz-berlin.de\/wp-content\/uploads\/2009\/06\/Daniel_mit_Djembe-220x396.jpg\" alt=\"Daniel testet die Djembe beim ROZZ-Konzert am 04.12.2009 in der UFA-Fabrik (Foto: Reiner Pruchnik)\" width=\"220\" height=\"396\" srcset=\"https:\/\/rozz-berlin.de\/wp-content\/uploads\/2009\/06\/Daniel_mit_Djembe-220x396.jpg 220w, https:\/\/rozz-berlin.de\/wp-content\/uploads\/2009\/06\/Daniel_mit_Djembe-100x180.jpg 100w, https:\/\/rozz-berlin.de\/wp-content\/uploads\/2009\/06\/Daniel_mit_Djembe.jpg 380w\" sizes=\"auto, (max-width: 220px) 100vw, 220px\" \/><\/a><p id=\"caption-attachment-737\" class=\"wp-caption-text\">Abb. Daniel H\u00fcbner mit Djembe<\/p><\/div>\n<p>&#8211; 50 cm Djembe<br \/>\n&#8211; 40 cm Djembe<\/p>\n<p>&#8211; e-Drum DD-50 von YAMAHA<br \/>\n&#8211; Drum Modul D4 von ALESIS (von Knut Jens bekommen, DANKE!)<br \/>\n&#8211; 30 Watt Gitarren Verst\u00e4rker MG30DFX von MARSHALL<\/p>\n<p>&#8211; diverse Percussion-Instrumente (Schellenring, Rasseln, Triangel etc.)<\/p>\n<p style=\"text-align: center;\"><a href=\"https:\/\/rozz-berlin.de\/wp-content\/uploads\/2009\/06\/hardy-aktuell1.jpg\"><img loading=\"lazy\" decoding=\"async\" class=\"aligncenter size-full wp-image-299\" title=\"Aktuelle Percussion-Instrumente in meinem Garagen-\u00dcbungsraum\" src=\"https:\/\/rozz-berlin.de\/wp-content\/uploads\/2009\/06\/hardy-aktuell1.jpg\" alt=\"Aktuelle Percussion-Instrumente in meinem Garagen-\u00dcbungsraum\" width=\"473\" height=\"354\" srcset=\"https:\/\/rozz-berlin.de\/wp-content\/uploads\/2009\/06\/hardy-aktuell1.jpg 591w, https:\/\/rozz-berlin.de\/wp-content\/uploads\/2009\/06\/hardy-aktuell1-100x74.jpg 100w, https:\/\/rozz-berlin.de\/wp-content\/uploads\/2009\/06\/hardy-aktuell1-220x164.jpg 220w\" sizes=\"auto, (max-width: 473px) 100vw, 473px\" \/><\/a>Abb. Aufstellung der Percussion von Hardy (Foto: <a href=\"http:\/\/www.hada1712.de\/\" target=\"_blank\">hada1712<\/a>)<\/p>\n<p style=\"text-align: left;\">Mehr Informationen \u00fcber mich gibt es <a title=\"hier ...\" href=\"http:\/\/www.kuerbihs.de\/\" target=\"_blank\">hier &#8230;<\/a><\/p>\n","protected":false},"excerpt":{"rendered":"<p>Geboren am 18.05.1955 in Berlin Musikalische Ausbildung Keine (Autodidakt) Schon in der Schule war Musik mein Lieblingsfach. Nach etlichen Versuchen mit Tasten-, Saiten- und Blasinstrumenten landete ich schlie\u00dflich bei den Schlaginstrumenten. Am Anfang waren es einfache Ton-Bongos mit Naturfellen. Abb. Hardy mit Gipsbein (Foto: Keule Bernd) Es folgten Holz-Bongos mit Kunststoff-Fellen, die auch mit einem [&hellip;]<\/p>\n","protected":false},"author":2,"featured_media":0,"parent":5,"menu_order":4,"comment_status":"open","ping_status":"closed","template":"","meta":{"ngg_post_thumbnail":0,"footnotes":""},"class_list":["post-66","page","type-page","status-publish","hentry"],"_links":{"self":[{"href":"https:\/\/rozz-berlin.de\/index.php\/wp-json\/wp\/v2\/pages\/66","targetHints":{"allow":["GET"]}}],"collection":[{"href":"https:\/\/rozz-berlin.de\/index.php\/wp-json\/wp\/v2\/pages"}],"about":[{"href":"https:\/\/rozz-berlin.de\/index.php\/wp-json\/wp\/v2\/types\/page"}],"author":[{"embeddable":true,"href":"https:\/\/rozz-berlin.de\/index.php\/wp-json\/wp\/v2\/users\/2"}],"replies":[{"embeddable":true,"href":"https:\/\/rozz-berlin.de\/index.php\/wp-json\/wp\/v2\/comments?post=66"}],"version-history":[{"count":25,"href":"https:\/\/rozz-berlin.de\/index.php\/wp-json\/wp\/v2\/pages\/66\/revisions"}],"predecessor-version":[{"id":291,"href":"https:\/\/rozz-berlin.de\/index.php\/wp-json\/wp\/v2\/pages\/66\/revisions\/291"}],"up":[{"embeddable":true,"href":"https:\/\/rozz-berlin.de\/index.php\/wp-json\/wp\/v2\/pages\/5"}],"wp:attachment":[{"href":"https:\/\/rozz-berlin.de\/index.php\/wp-json\/wp\/v2\/media?parent=66"}],"curies":[{"name":"wp","href":"https:\/\/api.w.org\/{rel}","templated":true}]}}