{"id":70,"date":"2009-06-05T20:22:30","date_gmt":"2009-06-05T18:22:30","guid":{"rendered":"http:\/\/www.allergie-experten.de\/wordpress\/?page_id=70"},"modified":"2009-10-14T11:16:29","modified_gmt":"2009-10-14T09:16:29","slug":"herbi-h-hart","status":"publish","type":"page","link":"https:\/\/rozz-berlin.de\/index.php\/rozz-musiker\/herbi-h-hart","title":{"rendered":"Herbie H. Hart"},"content":{"rendered":"<table border=\"1\" cellspacing=\"0\" cellpadding=\"0\">\n<tbody>\n<tr>\n<td width=\"108\" valign=\"top\">Name:<\/td>\n<td width=\"353\" valign=\"top\"><strong>Herbert Henry Hart<br \/>\n<img loading=\"lazy\" decoding=\"async\" class=\"alignnone size-thumbnail wp-image-409\" title=\"Herbie H. Hart\" src=\"https:\/\/rozz-berlin.de\/wp-content\/uploads\/2009\/06\/HHart-klein-100x140.png\" alt=\"Herbie H. Hart\" width=\"100\" height=\"140\" srcset=\"https:\/\/rozz-berlin.de\/wp-content\/uploads\/2009\/06\/HHart-klein-100x140.png 100w, https:\/\/rozz-berlin.de\/wp-content\/uploads\/2009\/06\/HHart-klein-220x308.png 220w, https:\/\/rozz-berlin.de\/wp-content\/uploads\/2009\/06\/HHart-klein.png 367w\" sizes=\"auto, (max-width: 100px) 100vw, 100px\" \/> <\/strong><\/td>\n<\/tr>\n<tr>\n<td width=\"108\" valign=\"top\">Geburtstag:<\/td>\n<td width=\"353\" valign=\"top\">13.04.1956<\/td>\n<\/tr>\n<tr>\n<td width=\"108\" valign=\"top\">Geburtsort:<\/td>\n<td width=\"353\" valign=\"top\">Los Angeles (California)<\/td>\n<\/tr>\n<tr>\n<td width=\"108\" valign=\"top\">Staatsangeh\u00f6rigkeit:<\/td>\n<td width=\"353\" valign=\"top\">Amerikanisch<\/td>\n<\/tr>\n<tr>\n<td width=\"108\" valign=\"top\">Familienstand:<\/td>\n<td width=\"353\" valign=\"top\">verheiratet<\/td>\n<\/tr>\n<tr>\n<td width=\"108\" valign=\"top\">Wohnort:<\/td>\n<td width=\"353\" valign=\"top\">Londoner Str. 4, 13349 Berlin<\/td>\n<\/tr>\n<tr>\n<td width=\"108\" valign=\"top\">Telefon:<\/td>\n<td width=\"353\" valign=\"top\">030-494 76 31; Mobil: 0179-9476265<\/td>\n<\/tr>\n<tr>\n<td width=\"108\" valign=\"top\">Email:<\/td>\n<td width=\"353\" valign=\"top\"><a href=\"mailto:info@hhhart.de\">info@hhhart.de<\/a><\/td>\n<\/tr>\n<tr>\n<td width=\"108\" valign=\"top\">Website:<\/td>\n<td width=\"353\" valign=\"top\"><strong><span style=\"text-decoration: underline;\"><a href=\"http:\/\/www.hhhart.de\/\" target=\"_blank\">www.hhhart.de<\/a> <\/span><\/strong><\/td>\n<\/tr>\n<tr>\n<td width=\"108\" valign=\"top\"><strong> <\/strong><\/td>\n<td width=\"353\" valign=\"top\"><strong><span style=\"text-decoration: underline;\"><a href=\"http:\/\/www.youtube.com\/herbiehhart\" target=\"_blank\">www.youtube.com\/herbiehhart<\/a><\/span><\/strong><\/td>\n<\/tr>\n<\/tbody>\n<\/table>\n<p><strong><\/strong><\/p>\n<h1><!--StartFragment--><span><strong>Bildung\/beruflicher Werdegang<\/strong><\/span><!--EndFragment--><\/h1>\n<p><strong> <\/strong><\/p>\n<p><strong> <\/strong><\/p>\n<table border=\"1\" cellspacing=\"0\" cellpadding=\"0\">\n<tbody>\n<tr>\n<td width=\"103\" valign=\"top\"><strong><span style=\"text-decoration: underline;\">Los Ang<\/span><\/strong><strong><span style=\"text-decoration: underline;\">eles (California)<\/span><\/strong><\/td>\n<td width=\"135\" valign=\"top\"><strong> <\/strong><\/td>\n<td width=\"216\" valign=\"top\"><strong><\/strong><\/td>\n<\/tr>\n<tr>\n<td width=\"103\" valign=\"top\">1970<\/td>\n<td width=\"135\" valign=\"top\">Jr. High School<\/td>\n<td width=\"216\" valign=\"top\">Saxophonunterricht<\/td>\n<\/tr>\n<tr>\n<td width=\"103\" valign=\"top\">1971<\/td>\n<td width=\"135\" valign=\"top\">Dorsey High School<\/td>\n<td width=\"216\" valign=\"top\">Hauptfach Musik, Klang- und Geh\u00f6r-<\/td>\n<\/tr>\n<tr>\n<td width=\"103\" valign=\"top\"> <\/td>\n<td width=\"135\" valign=\"top\"> <\/td>\n<td width=\"216\" valign=\"top\">lehre, Musikgeschichte, Musiktheorie<\/td>\n<\/tr>\n<tr>\n<td width=\"103\" valign=\"top\"> <\/td>\n<td width=\"135\" valign=\"top\"> <\/td>\n<td width=\"216\" valign=\"top\">Priv. Saxophonunterricht<\/td>\n<\/tr>\n<tr>\n<td width=\"103\" valign=\"top\">1973<\/td>\n<td width=\"135\" valign=\"top\">Hammilton High School<\/td>\n<td width=\"216\" valign=\"top\">Abschlu\u00df Diplom, Hauptfach Musik<\/td>\n<\/tr>\n<tr>\n<td width=\"103\" valign=\"top\">1973<\/td>\n<td width=\"135\" valign=\"top\">Los Angeles City College<\/td>\n<td width=\"216\" valign=\"top\">Universit\u00e4t, Studium Musik,<\/td>\n<\/tr>\n<tr>\n<td width=\"103\" valign=\"top\"> <\/td>\n<td width=\"135\" valign=\"top\"> <\/td>\n<td width=\"216\" valign=\"top\">Harmonielehre, Komposition,<\/td>\n<\/tr>\n<tr>\n<td width=\"103\" valign=\"top\"> <\/td>\n<td width=\"135\" valign=\"top\"> <\/td>\n<td width=\"216\" valign=\"top\">Arrangement, Big Band, Orchester<\/td>\n<\/tr>\n<tr>\n<td width=\"103\" valign=\"top\">1974<\/td>\n<td width=\"135\" valign=\"top\">Military Music School Virginia<\/td>\n<td width=\"216\" valign=\"top\">American Army Band (Level 1 + 2)<\/td>\n<\/tr>\n<tr>\n<td width=\"103\" valign=\"top\"><span style=\"text-decoration: underline;\">New York City <\/span><strong><\/strong><\/td>\n<td width=\"135\" valign=\"top\"><strong><\/strong><\/td>\n<td width=\"216\" valign=\"top\"><strong><\/strong><\/td>\n<\/tr>\n<tr>\n<td width=\"103\" valign=\"top\">1975<\/td>\n<td width=\"135\" valign=\"top\">New York Army Band<\/td>\n<td width=\"216\" valign=\"top\">Musikstudium New York<\/td>\n<\/tr>\n<tr>\n<td width=\"103\" valign=\"top\"> <\/td>\n<td width=\"135\" valign=\"top\"> <\/td>\n<td width=\"216\" valign=\"top\">Priv. Saxophonunterricht<\/td>\n<\/tr>\n<tr>\n<td width=\"103\" valign=\"top\"> <\/td>\n<td width=\"135\" valign=\"top\"> <\/td>\n<td width=\"216\" valign=\"top\">div. Orchester- und Bandeins\u00e4tze<\/td>\n<\/tr>\n<tr>\n<td width=\"103\" valign=\"top\"> <\/td>\n<td width=\"135\" valign=\"top\"> <\/td>\n<td width=\"216\" valign=\"top\"> <\/td>\n<\/tr>\n<tr>\n<td width=\"103\" valign=\"top\"><strong><span style=\"text-decoration: underline;\">West-Berlin (Deutschland)<\/span><\/strong><\/td>\n<td width=\"135\" valign=\"top\"><strong><\/strong><\/td>\n<td width=\"216\" valign=\"top\"><strong><\/strong><\/td>\n<\/tr>\n<tr>\n<td width=\"103\" valign=\"top\">1978<\/td>\n<td width=\"135\" valign=\"top\">U.S. Army Band Berlin<\/td>\n<td width=\"216\" valign=\"top\">Andrews Barracks Berlin<\/td>\n<\/tr>\n<tr>\n<td width=\"103\" valign=\"top\"> <\/td>\n<td width=\"135\" valign=\"top\"> <\/td>\n<td width=\"216\" valign=\"top\">Saxophonunterricht Leo Wright<\/td>\n<\/tr>\n<tr>\n<td width=\"103\" valign=\"top\">1982<\/td>\n<td width=\"135\" valign=\"top\">freiberufl. Musiker<\/td>\n<td width=\"216\" valign=\"top\">SFB Orchester, Leitung Paul Kuhn<\/td>\n<\/tr>\n<tr>\n<td width=\"103\" valign=\"top\"> <\/td>\n<td width=\"135\" valign=\"top\"> <\/td>\n<td width=\"216\" valign=\"top\">div. Studios, u. a. Hansa Studio,<\/td>\n<\/tr>\n<tr>\n<td width=\"103\" valign=\"top\"> <\/td>\n<td width=\"135\" valign=\"top\"> <\/td>\n<td width=\"216\" valign=\"top\">TV Shows, div. Bands, Orchester,<\/td>\n<\/tr>\n<tr>\n<td width=\"103\" valign=\"top\"> <\/td>\n<td width=\"135\" valign=\"top\"> <\/td>\n<td width=\"216\" valign=\"top\">Theater<\/td>\n<\/tr>\n<tr>\n<td width=\"103\" valign=\"top\">1987-1994<\/td>\n<td width=\"135\" valign=\"top\">freiberufl. Musiklehrer<\/td>\n<td width=\"216\" valign=\"top\">Musikschule BZA Kreuzberg<\/td>\n<\/tr>\n<tr>\n<td width=\"103\" valign=\"top\"> <\/td>\n<td width=\"135\" valign=\"top\"> <\/td>\n<td width=\"216\" valign=\"top\">Musiklehrer in erstklassiger Gestaltung<\/td>\n<\/tr>\n<tr>\n<td width=\"103\" valign=\"top\"> <\/td>\n<td width=\"135\" valign=\"top\"> <\/td>\n<td width=\"216\" valign=\"top\">von Unterrichtseinheiten, Hochschul-<\/td>\n<\/tr>\n<tr>\n<td width=\"103\" valign=\"top\"> <\/td>\n<td width=\"135\" valign=\"top\"> <\/td>\n<td width=\"216\" valign=\"top\">vorbereitung f\u00fcr Aufnahmepr\u00fcfungen der<\/td>\n<\/tr>\n<tr>\n<td width=\"103\" valign=\"top\"> <\/td>\n<td width=\"135\" valign=\"top\"> <\/td>\n<td width=\"216\" valign=\"top\">Musikhochschulabsolventen.<\/td>\n<\/tr>\n<tr>\n<td width=\"103\" valign=\"top\">1988 &#8211; 1995<\/td>\n<td width=\"135\" valign=\"top\">freiberufl. Musiker<\/td>\n<td width=\"216\" valign=\"top\"><strong>Theater des Westens Berlin<\/strong><\/td>\n<\/tr>\n<tr>\n<td width=\"103\" valign=\"top\">1995-2001<\/td>\n<td width=\"135\" valign=\"top\">Musiker in Festanstellung<\/td>\n<td width=\"216\" valign=\"top\"><strong>Theater des Westens<\/strong><\/td>\n<\/tr>\n<tr>\n<td width=\"103\" valign=\"top\"> <\/td>\n<td width=\"135\" valign=\"top\"> <\/td>\n<td width=\"216\" valign=\"top\">in folgenden Inszenierungen:<\/td>\n<\/tr>\n<tr>\n<td width=\"103\" valign=\"top\"> <\/td>\n<td width=\"135\" valign=\"top\"> <\/td>\n<td width=\"216\" valign=\"top\">Porgy and Bess, La Cage aux Folles,<\/td>\n<\/tr>\n<tr>\n<td width=\"103\" valign=\"top\"> <\/td>\n<td width=\"135\" valign=\"top\"> <\/td>\n<td width=\"216\" valign=\"top\">Eins Zwei Drei, Cabaret, Blauer Engel,<\/td>\n<\/tr>\n<tr>\n<td width=\"103\" valign=\"top\"> <\/td>\n<td width=\"135\" valign=\"top\"> <\/td>\n<td width=\"216\" valign=\"top\">Les Follies, Chicago usw.<\/td>\n<\/tr>\n<tr>\n<td width=\"103\" valign=\"top\"><strong>Seit 2002<\/strong><\/td>\n<td width=\"135\" valign=\"top\">freiberufl. Musiker<\/td>\n<td width=\"216\" valign=\"top\"><strong>Herbie H. Hart Entertainment<\/strong><\/td>\n<\/tr>\n<tr>\n<td width=\"103\" valign=\"top\"><strong><\/strong><\/td>\n<td width=\"135\" valign=\"top\"><strong><\/strong><\/td>\n<td width=\"216\" valign=\"top\"><strong>Saxophon Shows<\/strong>, Duo u. diverse Bands<\/td>\n<\/tr>\n<tr>\n<td width=\"103\" valign=\"top\"> <\/td>\n<td width=\"135\" valign=\"top\"> <\/td>\n<td width=\"216\" valign=\"top\">und Orchester<\/td>\n<\/tr>\n<tr>\n<td width=\"103\" valign=\"top\">2003 -2006<\/td>\n<td width=\"135\" valign=\"top\">mitwirkender Musiker<\/td>\n<td width=\"216\" valign=\"top\"><strong>Staatsoperette Dresden<\/strong><\/td>\n<\/tr>\n<tr>\n<td width=\"103\" valign=\"top\"> <\/td>\n<td width=\"135\" valign=\"top\"> <\/td>\n<td width=\"216\" valign=\"top\">in der Operette \u201eDie Herzogin von Chicago&#8220;<\/td>\n<\/tr>\n<tr>\n<td width=\"103\" valign=\"top\">2007<\/td>\n<td width=\"135\" valign=\"top\">Schauspieler\/Musiker<\/td>\n<td width=\"216\" valign=\"top\"><strong>Theatergastspiele Kempf<\/strong><\/td>\n<\/tr>\n<tr>\n<td width=\"103\" valign=\"top\">Febr-April<\/td>\n<td width=\"135\" valign=\"top\"> <\/td>\n<td width=\"216\" valign=\"top\">Tourneetheater Musical \u201eElla &amp; Billie&#8220;<\/td>\n<\/tr>\n<tr>\n<td width=\"103\" valign=\"top\">Sept.-Okt.<\/td>\n<td width=\"135\" valign=\"top\"> <\/td>\n<td width=\"216\" valign=\"top\">In der Rolle als Lester Young<\/td>\n<\/tr>\n<tr>\n<td width=\"103\" valign=\"top\"> <\/td>\n<td width=\"135\" valign=\"top\"> <\/td>\n<td width=\"216\" valign=\"top\">(Deutschland, \u00d6sterreich, Schweiz)<\/td>\n<\/tr>\n<tr>\n<td width=\"103\" valign=\"top\">2008<\/td>\n<td width=\"135\" valign=\"top\">freiberufl. Musiker<\/td>\n<td width=\"216\" valign=\"top\"><strong>Herbie H. Hart Entertainment<\/strong><\/td>\n<\/tr>\n<tr>\n<td width=\"103\" valign=\"top\"><strong><\/strong><\/td>\n<td width=\"135\" valign=\"top\"><strong><\/strong><\/td>\n<td width=\"216\" valign=\"top\"><strong>Saxophon Shows<\/strong>, Duo u. diverse Bands<strong><\/strong><\/td>\n<\/tr>\n<tr>\n<td width=\"103\" valign=\"top\"><strong><\/strong><\/td>\n<td width=\"135\" valign=\"top\"><strong><\/strong><\/td>\n<td width=\"216\" valign=\"top\"><strong>Taschenbergpalais Kempinski Hotel<\/strong><\/td>\n<\/tr>\n<tr>\n<td width=\"103\" valign=\"top\"><strong><\/strong><\/td>\n<td width=\"135\" valign=\"top\"><strong><\/strong><\/td>\n<td width=\"216\" valign=\"top\"><strong>Dresden<\/strong><\/td>\n<\/tr>\n<tr>\n<td width=\"103\" valign=\"top\"><strong><\/strong><\/td>\n<td width=\"135\" valign=\"top\"><strong><\/strong><\/td>\n<td width=\"216\" valign=\"top\"><strong>Ritz Carlton Hotel Berlin<\/strong><\/td>\n<\/tr>\n<tr>\n<td width=\"103\" valign=\"top\"><strong><\/strong><\/td>\n<td width=\"135\" valign=\"top\"><strong><\/strong><\/td>\n<td width=\"216\" valign=\"top\"><strong>Maritim Pro Arte Berlin<\/strong><\/td>\n<\/tr>\n<tr>\n<td width=\"103\" valign=\"top\"><strong><\/strong><\/td>\n<td width=\"135\" valign=\"top\"><strong><\/strong><\/td>\n<td width=\"216\" valign=\"top\"><strong>BMW Leipzig<\/strong><\/td>\n<\/tr>\n<tr>\n<td width=\"103\" valign=\"top\"><strong><\/strong><\/td>\n<td width=\"135\" valign=\"top\"><strong><\/strong><\/td>\n<td width=\"216\" valign=\"top\"><strong>Tupperware \/ Hotel Estrel Berlin<\/strong><\/td>\n<\/tr>\n<tr>\n<td width=\"103\" valign=\"top\"><strong><\/strong><\/td>\n<td width=\"135\" valign=\"top\"><strong><\/strong><\/td>\n<td width=\"216\" valign=\"top\"><strong>Bacardi<\/strong><\/td>\n<\/tr>\n<tr>\n<td width=\"103\" valign=\"top\"><strong><\/strong><\/td>\n<td width=\"135\" valign=\"top\"><strong><\/strong><\/td>\n<td width=\"216\" valign=\"top\">KaDeWe Berlin<strong><\/strong><\/td>\n<\/tr>\n<tr>\n<td width=\"103\" valign=\"top\"><strong><\/strong><\/td>\n<td width=\"135\" valign=\"top\"><strong><\/strong><\/td>\n<td width=\"216\" valign=\"top\">Werbeveranstalt. Berliner Arcaden<strong><\/strong><\/td>\n<\/tr>\n<tr>\n<td width=\"103\" valign=\"top\"><strong><\/strong><\/td>\n<td width=\"135\" valign=\"top\"><strong><\/strong><\/td>\n<td width=\"216\" valign=\"top\"><strong>Dorint Hotel Potsdam<\/strong><\/td>\n<\/tr>\n<tr>\n<td width=\"103\" valign=\"top\">2009-<\/td>\n<td width=\"135\" valign=\"top\">freiberufl. Musiker<\/td>\n<td width=\"216\" valign=\"top\">Kreuzschifffart \u201eMein Schiff&#8220;<\/td>\n<\/tr>\n<\/tbody>\n<\/table>\n<h1>Mitwirkung in folgenden Bands, Musikgruppen, Theatern und Orchestern:<\/h1>\n<p>RIAS Big Band, Judy Winter, Friedrichstadtpalast, SFB Orchester, Berliner Wintergarten, Swing Dance Orchester, Geschwister Pfister (TIPI), The real Milli Vanilli, Jocelyn B. Smith, Al Porcino Big Band, Otto&#8217;s Big Band, Rosay, QueenYahna, Sherry Bertram Big Band, Herb Runge, Rock 59, The Twins, Guitar Crusher, Grips Theater, Zeit Geist, Rosay, Otto&#8217;s Big Band, Lemon Tree, Die Elefanten, Kiss a gram, Petticoat, Blue Jeans Lollipop, Berlin Blues Brothers, Jazzfestivals, Kongresse, div. Fernseh- und Filmshows, Presseb\u00e4lle, Theaterb\u00e4lle, Juristenb\u00e4lle, \u00c4rzteb\u00e4lle, ADAC Ball, Taxiball<\/p>\n<h1><strong><span style=\"text-decoration: underline;\">Instrumente:<\/span><\/strong><\/h1>\n<p><span style=\"text-decoration: underline;\">Hauptinstrumente:<\/span><strong> <\/strong><\/p>\n<p>Tenor-Saxophon, Sopran-Saxophon, Barriton-Saxophon, Klarinette,<\/p>\n<p>Bassklarinette<\/p>\n<p><span style=\"text-decoration: underline;\">Nebeninstrumente:<\/span><\/p>\n<p>Alto-Saxophon, Querfl\u00f6te, Alt-Fl\u00f6te, Piccolo<\/p>\n<p><strong><\/strong><\/p>\n<h1>Musikrichtungen:<\/h1>\n<p>Jazz, Swing, Rock, Pop, Soul, Latin, Salsa, Klassik, Big Band, Orchester, Unterhaltungs- und Tanzmusik usw.<\/p>\n<p><strong><span style=\"text-decoration: underline;\">Mitwirkung bei prominenten K\u00fcnstlern:<\/span><\/strong><\/p>\n<p>Harald Juhnke, Karel Gott, Peter Gabriel, Judy Winter, Paul Kuhn, Billy Mo, Wilma Reading, Eartha Kitt, Heino, Roy Black, Roberto Blanco, J\u00fcrgen Drews, Katja Ebstein, Cindy &amp; Bert, Bernhard Brink, Ireen Sheer, J\u00fcrgen Marcus, Bata Illic, Vico Toriani, Frank Zander, Ingrid Peters etc.<\/p>\n<p><strong><span style=\"text-decoration: underline;\">Homestudio<\/span>:<\/strong><\/p>\n<p>Arbeit mit Macintosh\/PC<\/p>\n<p>Programmierung erweiterter Kenntnisse mit Cubase und diverser<\/p>\n<p>kompatibler Musiksoftware.<\/p>\n<p>Recording,<\/p>\n<p>Sampling,<\/p>\n<p>Zusammenstellung und Bearbeitung von CD&#8217;s,<\/p>\n<p>Kompositionen, Texte, Songs,  CD-fertig<\/p>\n<p>Interpret mit Gesang und RAP<\/p>\n<p><strong><span style=\"text-decoration: underline;\">Bemerkungen:<\/span><\/strong><\/p>\n<p>Musiklehrer in erstklassiger Gestaltung von Unterrichtseinheiten, Hochschulvorbereitender f\u00fcr Aufnahmepr\u00fcfungen von Musikhochschulabsolventen<\/p>\n","protected":false},"excerpt":{"rendered":"<p>Name: Herbert Henry Hart Geburtstag: 13.04.1956 Geburtsort: Los Angeles (California) Staatsangeh\u00f6rigkeit: Amerikanisch Familienstand: verheiratet Wohnort: Londoner Str. 4, 13349 Berlin Telefon: 030-494 76 31; Mobil: 0179-9476265 Email: info@hhhart.de Website: www.hhhart.de www.youtube.com\/herbiehhart Bildung\/beruflicher Werdegang Los Angeles (California) 1970 Jr. High School Saxophonunterricht 1971 Dorsey High School Hauptfach Musik, Klang- und Geh\u00f6r- lehre, Musikgeschichte, Musiktheorie Priv. Saxophonunterricht [&hellip;]<\/p>\n","protected":false},"author":2,"featured_media":0,"parent":5,"menu_order":6,"comment_status":"open","ping_status":"closed","template":"","meta":{"ngg_post_thumbnail":0,"footnotes":""},"class_list":["post-70","page","type-page","status-publish","hentry"],"_links":{"self":[{"href":"https:\/\/rozz-berlin.de\/index.php\/wp-json\/wp\/v2\/pages\/70","targetHints":{"allow":["GET"]}}],"collection":[{"href":"https:\/\/rozz-berlin.de\/index.php\/wp-json\/wp\/v2\/pages"}],"about":[{"href":"https:\/\/rozz-berlin.de\/index.php\/wp-json\/wp\/v2\/types\/page"}],"author":[{"embeddable":true,"href":"https:\/\/rozz-berlin.de\/index.php\/wp-json\/wp\/v2\/users\/2"}],"replies":[{"embeddable":true,"href":"https:\/\/rozz-berlin.de\/index.php\/wp-json\/wp\/v2\/comments?post=70"}],"version-history":[{"count":9,"href":"https:\/\/rozz-berlin.de\/index.php\/wp-json\/wp\/v2\/pages\/70\/revisions"}],"predecessor-version":[{"id":632,"href":"https:\/\/rozz-berlin.de\/index.php\/wp-json\/wp\/v2\/pages\/70\/revisions\/632"}],"up":[{"embeddable":true,"href":"https:\/\/rozz-berlin.de\/index.php\/wp-json\/wp\/v2\/pages\/5"}],"wp:attachment":[{"href":"https:\/\/rozz-berlin.de\/index.php\/wp-json\/wp\/v2\/media?parent=70"}],"curies":[{"name":"wp","href":"https:\/\/api.w.org\/{rel}","templated":true}]}}