{"id":74,"date":"2009-08-15T20:03:42","date_gmt":"2009-08-15T18:03:42","guid":{"rendered":"http:\/\/www.allergie-experten.de\/wordpress\/?page_id=74"},"modified":"2009-10-14T11:20:56","modified_gmt":"2009-10-14T09:20:56","slug":"chuck-purrington-2","status":"publish","type":"page","link":"https:\/\/rozz-berlin.de\/index.php\/rozz-musiker\/chuck-purrington-2","title":{"rendered":"Chuck Purrington"},"content":{"rendered":"<table border=\"1\" cellspacing=\"0\" cellpadding=\"0\">\n<tbody>\n<tr>\n<td width=\"113\" valign=\"top\">25.06.1945<\/td>\n<td width=\"283\" valign=\"top\">geboren in Riverside,   S\u00fcd-Kalifornien, USA<br \/>\n<img loading=\"lazy\" decoding=\"async\" class=\"alignnone size-thumbnail wp-image-413\" title=\"Chuck Purrington\" src=\"https:\/\/rozz-berlin.de\/wp-content\/uploads\/2009\/08\/CPurrington-klein-100x142.png\" alt=\"Chuck Purrington\" width=\"100\" height=\"142\" srcset=\"https:\/\/rozz-berlin.de\/wp-content\/uploads\/2009\/08\/CPurrington-klein-100x142.png 100w, https:\/\/rozz-berlin.de\/wp-content\/uploads\/2009\/08\/CPurrington-klein-220x312.png 220w, https:\/\/rozz-berlin.de\/wp-content\/uploads\/2009\/08\/CPurrington-klein.png 379w\" sizes=\"auto, (max-width: 100px) 100vw, 100px\" \/><\/td>\n<\/tr>\n<tr>\n<td width=\"113\" valign=\"top\">seit 1950<\/td>\n<td width=\"283\" valign=\"top\">Kornett-Unterricht beim   Vater<\/td>\n<\/tr>\n<tr>\n<td width=\"113\" valign=\"top\">seit 1955<\/td>\n<td width=\"283\" valign=\"top\">Mitglied in der Schulband<\/td>\n<\/tr>\n<tr>\n<td width=\"113\" valign=\"top\">seit 1963<\/td>\n<td width=\"283\" valign=\"top\">Trompetenspiel (neben dem   Kornett)<\/td>\n<\/tr>\n<tr>\n<td width=\"113\" valign=\"top\">1963 &#8211; 64<\/td>\n<td width=\"283\" valign=\"top\">Musikstudium, Univ. of   Minnesota, Winona, Diplom als Musiklehrer<\/td>\n<\/tr>\n<tr>\n<td width=\"113\" valign=\"top\">1967 &#8211; 70<\/td>\n<td width=\"283\" valign=\"top\">Band-Director, Public High   School, Houston, Minnesota, USA<\/td>\n<\/tr>\n<tr>\n<td width=\"113\" valign=\"top\">1970 &#8211; 72<\/td>\n<td width=\"283\" valign=\"top\">1. Trompeter, Army Band,   New York City, NY, USA<\/td>\n<\/tr>\n<tr>\n<td width=\"113\" valign=\"top\">1972 &#8211; 73<\/td>\n<td width=\"283\" valign=\"top\">1. Trompeter, Army Band,   Heidelberg, Deutschland<\/td>\n<\/tr>\n<tr>\n<td width=\"113\" valign=\"top\">1973 &#8211; 74<\/td>\n<td width=\"283\" valign=\"top\">Trompetenunterreicht bei   Karl L\u00e4ssig (Mannheim)<\/td>\n<\/tr>\n<tr>\n<td width=\"113\" valign=\"top\">1975 &#8211; 79<\/td>\n<td width=\"283\" valign=\"top\">Engagements als Trompeter   in Orchestern diverser deutscher St\u00e4dte:<\/td>\n<\/tr>\n<tr>\n<td width=\"113\" valign=\"top\"><\/td>\n<td width=\"283\" valign=\"top\">Nationaltheater Mannheim,   Philharmonisches Staatsorchester Bremen, Symphonisches Blasorchester Essen<\/td>\n<\/tr>\n<tr>\n<td width=\"113\" valign=\"top\">1979 &#8211; 81<\/td>\n<td width=\"283\" valign=\"top\">Solotrompeter,   Stadtorchester Winterthur, Schweiz<\/td>\n<\/tr>\n<tr>\n<td width=\"113\" valign=\"top\">1981 &#8211; 82<\/td>\n<td width=\"283\" valign=\"top\">Solotrompeter im   Rundfunkorchester RIA, Turin, Italien<\/td>\n<\/tr>\n<tr>\n<td width=\"113\" valign=\"top\">seit 1983<\/td>\n<td width=\"283\" valign=\"top\">Umzug nach Berlin und   verst\u00e4rktes Engagement f\u00fcr popul\u00e4re Musik (Jazz u.a.)<\/td>\n<\/tr>\n<tr>\n<td width=\"113\" valign=\"top\"><\/td>\n<td width=\"283\" valign=\"top\">zahlreiche Engagements in   Theatern, Tonstudios, Tourneen<\/td>\n<\/tr>\n<tr>\n<td width=\"113\" valign=\"top\"><\/td>\n<td width=\"283\" valign=\"top\">Discografie: LP-Aufnahmen   mit den \u201eElefanten&#8220;, \u201eOtto\u00b4s Bigband&#8220; (musikalische Leitung), Udo J\u00fcrgens,   Harald Juhnke, Veronika Fischer u.a.<\/td>\n<\/tr>\n<tr>\n<td width=\"113\" valign=\"top\"><\/td>\n<td width=\"283\" valign=\"top\">Theater: Schiller-Theater,   Theater des Westens, Friedrichstadt-Palast<\/td>\n<\/tr>\n<tr>\n<td width=\"113\" valign=\"top\">seit 1986<\/td>\n<td width=\"283\" valign=\"top\">Trompetenunterreicht,   Musikschulen Berlin-Tempelhof, Berlin-Kreuzberg<\/td>\n<\/tr>\n<tr>\n<td width=\"113\" valign=\"top\"><\/td>\n<td width=\"283\" valign=\"top\">Aktuelle Engagements:   Roger Pabst, Bigband \u201eCompass&#8220;<\/td>\n<\/tr>\n<tr>\n<td width=\"113\" valign=\"top\"><\/td>\n<td width=\"283\" valign=\"top\">Interessen: Historische   Blasinstrumente<\/td>\n<\/tr>\n<\/tbody>\n<\/table>\n","protected":false},"excerpt":{"rendered":"<p>25.06.1945 geboren in Riverside, S\u00fcd-Kalifornien, USA seit 1950 Kornett-Unterricht beim Vater seit 1955 Mitglied in der Schulband seit 1963 Trompetenspiel (neben dem Kornett) 1963 &#8211; 64 Musikstudium, Univ. of Minnesota, Winona, Diplom als Musiklehrer 1967 &#8211; 70 Band-Director, Public High School, Houston, Minnesota, USA 1970 &#8211; 72 1. Trompeter, Army Band, New York City, NY, [&hellip;]<\/p>\n","protected":false},"author":2,"featured_media":0,"parent":5,"menu_order":8,"comment_status":"open","ping_status":"closed","template":"","meta":{"ngg_post_thumbnail":0,"footnotes":""},"class_list":["post-74","page","type-page","status-publish","hentry"],"_links":{"self":[{"href":"https:\/\/rozz-berlin.de\/index.php\/wp-json\/wp\/v2\/pages\/74","targetHints":{"allow":["GET"]}}],"collection":[{"href":"https:\/\/rozz-berlin.de\/index.php\/wp-json\/wp\/v2\/pages"}],"about":[{"href":"https:\/\/rozz-berlin.de\/index.php\/wp-json\/wp\/v2\/types\/page"}],"author":[{"embeddable":true,"href":"https:\/\/rozz-berlin.de\/index.php\/wp-json\/wp\/v2\/users\/2"}],"replies":[{"embeddable":true,"href":"https:\/\/rozz-berlin.de\/index.php\/wp-json\/wp\/v2\/comments?post=74"}],"version-history":[{"count":6,"href":"https:\/\/rozz-berlin.de\/index.php\/wp-json\/wp\/v2\/pages\/74\/revisions"}],"predecessor-version":[{"id":635,"href":"https:\/\/rozz-berlin.de\/index.php\/wp-json\/wp\/v2\/pages\/74\/revisions\/635"}],"up":[{"embeddable":true,"href":"https:\/\/rozz-berlin.de\/index.php\/wp-json\/wp\/v2\/pages\/5"}],"wp:attachment":[{"href":"https:\/\/rozz-berlin.de\/index.php\/wp-json\/wp\/v2\/media?parent=74"}],"curies":[{"name":"wp","href":"https:\/\/api.w.org\/{rel}","templated":true}]}}