{"id":78,"date":"2009-06-05T20:23:57","date_gmt":"2009-06-05T18:23:57","guid":{"rendered":"http:\/\/www.allergie-experten.de\/wordpress\/?page_id=78"},"modified":"2009-11-28T20:14:24","modified_gmt":"2009-11-28T18:14:24","slug":"peter-ehlert","status":"publish","type":"page","link":"https:\/\/rozz-berlin.de\/index.php\/rozz-freunde\/peter-ehlert","title":{"rendered":"Peter Ehlert"},"content":{"rendered":"<table border=\"1\" cellspacing=\"0\" cellpadding=\"0\">\n<tbody>\n<tr>\n<td width=\"113\" valign=\"top\">Instrumente<\/td>\n<td width=\"284\" valign=\"top\">E-bass, E-Gitarre<br \/>\n<img loading=\"lazy\" decoding=\"async\" class=\"alignnone size-thumbnail wp-image-415\" title=\"Peter Ehlert\" src=\"https:\/\/rozz-berlin.de\/wp-content\/uploads\/2009\/06\/PEhlert-klein-100x146.png\" alt=\"Peter Ehlert\" width=\"100\" height=\"146\" srcset=\"https:\/\/rozz-berlin.de\/wp-content\/uploads\/2009\/06\/PEhlert-klein-100x146.png 100w, https:\/\/rozz-berlin.de\/wp-content\/uploads\/2009\/06\/PEhlert-klein-220x321.png 220w, https:\/\/rozz-berlin.de\/wp-content\/uploads\/2009\/06\/PEhlert-klein.png 254w\" sizes=\"auto, (max-width: 100px) 100vw, 100px\" \/><\/td>\n<\/tr>\n<tr>\n<td width=\"113\" valign=\"top\">1957<\/td>\n<td width=\"284\" valign=\"top\">geboren in Berlin<\/td>\n<\/tr>\n<tr>\n<td width=\"113\" valign=\"top\">Seit 1975?<\/td>\n<td width=\"284\" valign=\"top\">Lernen des Gitarrespiels,   sp\u00e4ter auch Bass(gitarre) (Autodidakt)<\/td>\n<\/tr>\n<tr>\n<td width=\"113\" valign=\"top\">Seit 1976<\/td>\n<td width=\"284\" valign=\"top\">Besch\u00e4ftigung mit   improvisierter Jazz- und Rockmusik und aktive Mitwirkung in verschiedenen   Berliner Bandprojekten (u.a. Rockport)<\/td>\n<\/tr>\n<tr>\n<td width=\"113\" valign=\"top\">Seit 1977<\/td>\n<td width=\"284\" valign=\"top\">Studium der Mathematik und   Elektrotechnik<\/td>\n<\/tr>\n<tr>\n<td width=\"113\" valign=\"top\">Seit 2000<\/td>\n<td width=\"284\" valign=\"top\">Zunehmende Besch\u00e4ftigung   mit dem E-Bass als Instrument, mittlerweile Schwerpunkt der musikalischen   Aktivit\u00e4ten als Bassist, in den letzten Jahren bevorzugt Afro-Kubanische Musik<\/td>\n<\/tr>\n<tr>\n<td width=\"113\" valign=\"top\">Seit 2003<\/td>\n<td width=\"284\" valign=\"top\">Besch\u00e4ftigung mit dem   Trautonium (historisches elektronisches Instrument, www.trautonium.de) und   sporadische gemeinsame Auftritte mit Wolfgang M\u00fcller (www.trautonium.org)<\/td>\n<\/tr>\n<tr>\n<td width=\"113\" valign=\"top\">aktuell<\/td>\n<td width=\"284\" valign=\"top\">Mitwirkender in   zahlreichen Berliner Band- und Studioprojekten:<\/td>\n<\/tr>\n<tr>\n<td width=\"113\" valign=\"top\"><\/td>\n<td width=\"284\" valign=\"top\">u.a. CHANGES, GUATACA,   HAVANNA HEAT<\/p>\n<p>Peter Ehlert \u00fcbernimmt beim Jumbil\u00e4umskonzert von ROZZ und RIFF am 04. und 05.12.09 den Basspart von Knut Jens, der seit vielen Jahren sein(e) Instrument(e) nicht mehr anger\u00fchrt hat. Die Herausforderungen sind nicht von der Hand zu weisen &#8211; gl\u00fccklicherweise ist Peter Ehlert durch seine jahrzehntelange Besch\u00e4ftigung mit Musik zwischen Rock und Jazz, Funk und Latin bestens vorbereitet und wird der Musik von ROZZ seine pers\u00f6nliche Note mitgeben.<\/td>\n<\/tr>\n<\/tbody>\n<\/table>\n","protected":false},"excerpt":{"rendered":"<p>Instrumente E-bass, E-Gitarre 1957 geboren in Berlin Seit 1975? Lernen des Gitarrespiels, sp\u00e4ter auch Bass(gitarre) (Autodidakt) Seit 1976 Besch\u00e4ftigung mit improvisierter Jazz- und Rockmusik und aktive Mitwirkung in verschiedenen Berliner Bandprojekten (u.a. Rockport) Seit 1977 Studium der Mathematik und Elektrotechnik Seit 2000 Zunehmende Besch\u00e4ftigung mit dem E-Bass als Instrument, mittlerweile Schwerpunkt der musikalischen Aktivit\u00e4ten als [&hellip;]<\/p>\n","protected":false},"author":2,"featured_media":0,"parent":168,"menu_order":1,"comment_status":"open","ping_status":"closed","template":"","meta":{"ngg_post_thumbnail":0,"footnotes":""},"class_list":["post-78","page","type-page","status-publish","hentry"],"_links":{"self":[{"href":"https:\/\/rozz-berlin.de\/index.php\/wp-json\/wp\/v2\/pages\/78","targetHints":{"allow":["GET"]}}],"collection":[{"href":"https:\/\/rozz-berlin.de\/index.php\/wp-json\/wp\/v2\/pages"}],"about":[{"href":"https:\/\/rozz-berlin.de\/index.php\/wp-json\/wp\/v2\/types\/page"}],"author":[{"embeddable":true,"href":"https:\/\/rozz-berlin.de\/index.php\/wp-json\/wp\/v2\/users\/2"}],"replies":[{"embeddable":true,"href":"https:\/\/rozz-berlin.de\/index.php\/wp-json\/wp\/v2\/comments?post=78"}],"version-history":[{"count":8,"href":"https:\/\/rozz-berlin.de\/index.php\/wp-json\/wp\/v2\/pages\/78\/revisions"}],"predecessor-version":[{"id":172,"href":"https:\/\/rozz-berlin.de\/index.php\/wp-json\/wp\/v2\/pages\/78\/revisions\/172"}],"up":[{"embeddable":true,"href":"https:\/\/rozz-berlin.de\/index.php\/wp-json\/wp\/v2\/pages\/168"}],"wp:attachment":[{"href":"https:\/\/rozz-berlin.de\/index.php\/wp-json\/wp\/v2\/media?parent=78"}],"curies":[{"name":"wp","href":"https:\/\/api.w.org\/{rel}","templated":true}]}}