{"id":80,"date":"2009-06-05T20:24:09","date_gmt":"2009-06-05T18:24:09","guid":{"rendered":"http:\/\/www.allergie-experten.de\/wordpress\/?page_id=80"},"modified":"2009-11-28T20:07:06","modified_gmt":"2009-11-28T18:07:06","slug":"jakob-peter","status":"publish","type":"page","link":"https:\/\/rozz-berlin.de\/index.php\/rozz-freunde\/jakob-peter","title":{"rendered":"Jakob Peter"},"content":{"rendered":"<p><img loading=\"lazy\" decoding=\"async\" class=\"alignnone size-thumbnail wp-image-420\" title=\"Jakob Peter\" src=\"https:\/\/rozz-berlin.de\/wp-content\/uploads\/2009\/06\/Jakob-Peter-klein1-100x171.png\" alt=\"Jakob Peter\" width=\"100\" height=\"171\" srcset=\"https:\/\/rozz-berlin.de\/wp-content\/uploads\/2009\/06\/Jakob-Peter-klein1-100x171.png 100w, https:\/\/rozz-berlin.de\/wp-content\/uploads\/2009\/06\/Jakob-Peter-klein1.png 214w\" sizes=\"auto, (max-width: 100px) 100vw, 100px\" \/>Spielte schon mit 13 Jahren in der damals Westberliner Band &#8222;Wacholder&#8220; das Schlagzeug. Ende der 70er m\u00fcndeten die Aktivit\u00e4ten der (Spandauer) Rockgemeinschaft &#8222;Just Friends&#8220; auch in einigen gemeinsamen Konzerten mit ROZZ und &#8222;Wacholder&#8220;.<\/p>\n<p>Im Laufe der Zeit fand Jakob Peter seine musikalische Heimat in der Szene um den Bluesgitarristen Heinz Glass und spielte lange in der Funkband &#8222;Mastergroove&#8220;. Seine Wege f\u00fchrten ihn auch durch die Bands der Bluess\u00e4nger Wayne Martin &amp; Eb Davis, und der neuseel\u00e4ndischen Jazzs\u00e4ngerin Hattie St. John.<\/p>\n<p>Da der ehemalige Schlagzeuger von ROZZ,\u00a0<a href=\"https:\/\/rozz-berlin.de\/index.php\/rozz-musiker\/christian-brandt\">Christian Brandt<\/a>,\u00a0sich vom aktiven Musizieren seit langem verabschiedet hat, wird am 04. und 05.12.09 \u00a0Jakob Peter beim Jubil\u00e4umskonzert das Programm von ROZZ trommeln.\u00a0Er ist ein echter Enthusiast und Experte in funkig-rockjazzigen Grooves. Gepr\u00e4gt durch die Fusion-Euphorie der 90er Jahre in technischer Bestform, versteht er es, auch &#8222;krautige&#8220; Titel (aus den 70er und 80ern) mit einem zeitgem\u00e4\u00dfem Schlagzeug zu veredeln.<\/p>\n","protected":false},"excerpt":{"rendered":"<p>Spielte schon mit 13 Jahren in der damals Westberliner Band &#8222;Wacholder&#8220; das Schlagzeug. Ende der 70er m\u00fcndeten die Aktivit\u00e4ten der (Spandauer) Rockgemeinschaft &#8222;Just Friends&#8220; auch in einigen gemeinsamen Konzerten mit ROZZ und &#8222;Wacholder&#8220;. Im Laufe der Zeit fand Jakob Peter seine musikalische Heimat in der Szene um den Bluesgitarristen Heinz Glass und spielte lange in [&hellip;]<\/p>\n","protected":false},"author":2,"featured_media":0,"parent":168,"menu_order":2,"comment_status":"open","ping_status":"closed","template":"","meta":{"ngg_post_thumbnail":0,"footnotes":""},"class_list":["post-80","page","type-page","status-publish","hentry"],"_links":{"self":[{"href":"https:\/\/rozz-berlin.de\/index.php\/wp-json\/wp\/v2\/pages\/80","targetHints":{"allow":["GET"]}}],"collection":[{"href":"https:\/\/rozz-berlin.de\/index.php\/wp-json\/wp\/v2\/pages"}],"about":[{"href":"https:\/\/rozz-berlin.de\/index.php\/wp-json\/wp\/v2\/types\/page"}],"author":[{"embeddable":true,"href":"https:\/\/rozz-berlin.de\/index.php\/wp-json\/wp\/v2\/users\/2"}],"replies":[{"embeddable":true,"href":"https:\/\/rozz-berlin.de\/index.php\/wp-json\/wp\/v2\/comments?post=80"}],"version-history":[{"count":10,"href":"https:\/\/rozz-berlin.de\/index.php\/wp-json\/wp\/v2\/pages\/80\/revisions"}],"predecessor-version":[{"id":200,"href":"https:\/\/rozz-berlin.de\/index.php\/wp-json\/wp\/v2\/pages\/80\/revisions\/200"}],"up":[{"embeddable":true,"href":"https:\/\/rozz-berlin.de\/index.php\/wp-json\/wp\/v2\/pages\/168"}],"wp:attachment":[{"href":"https:\/\/rozz-berlin.de\/index.php\/wp-json\/wp\/v2\/media?parent=80"}],"curies":[{"name":"wp","href":"https:\/\/api.w.org\/{rel}","templated":true}]}}