{"id":9,"date":"2009-06-05T20:10:09","date_gmt":"2009-06-05T18:10:09","guid":{"rendered":"http:\/\/www.allergie-experten.de\/wordpress\/?page_id=9"},"modified":"2009-09-20T23:19:02","modified_gmt":"2009-09-20T21:19:02","slug":"rozz-bilder","status":"publish","type":"page","link":"https:\/\/rozz-berlin.de\/index.php\/rozz-bilder","title":{"rendered":"ROZZ Bildergalerie"},"content":{"rendered":"<p>Fotomaterial von ROZZ aus der Zeit von 1978 bis 1983 gibt es mehr als genug.<\/p>\n<p>Viele Bilder hat die Band ihrem Mixer und Allroundtalent Reiner Pruchnik zu verdanken. Immer wieder hat er &#8211; Hobbyfotograf mit besonderem Interesse an Schwarz-Wei\u00dfaufnahmen, z. B. Portraits von Jazzmusikern &#8211; die Kamera scharf gemacht. Situationen im \u00dcbungsraum, ROZZ auf und neben der B\u00fchne, private Momente und pers\u00f6nliche Bilder zeigen die Beteiligten in unterschiedlichsten Situationen.<\/p>\n<p>Andere Fotografen haben ebenfalls die ROZZ-Konzerte f\u00fcr Fotos genutzt und der Band freundlicherweise zur Verf\u00fcgung gestellt.<\/p>\nngg_shortcode_0_placeholder\n","protected":false},"excerpt":{"rendered":"<p>Fotomaterial von ROZZ aus der Zeit von 1978 bis 1983 gibt es mehr als genug. Viele Bilder hat die Band ihrem Mixer und Allroundtalent Reiner Pruchnik zu verdanken. Immer wieder hat er &#8211; Hobbyfotograf mit besonderem Interesse an Schwarz-Wei\u00dfaufnahmen, z. B. Portraits von Jazzmusikern &#8211; die Kamera scharf gemacht. Situationen im \u00dcbungsraum, ROZZ auf und [&hellip;]<\/p>\n","protected":false},"author":2,"featured_media":0,"parent":0,"menu_order":5,"comment_status":"closed","ping_status":"closed","template":"","meta":{"ngg_post_thumbnail":0,"footnotes":""},"class_list":["post-9","page","type-page","status-publish","hentry"],"_links":{"self":[{"href":"https:\/\/rozz-berlin.de\/index.php\/wp-json\/wp\/v2\/pages\/9","targetHints":{"allow":["GET"]}}],"collection":[{"href":"https:\/\/rozz-berlin.de\/index.php\/wp-json\/wp\/v2\/pages"}],"about":[{"href":"https:\/\/rozz-berlin.de\/index.php\/wp-json\/wp\/v2\/types\/page"}],"author":[{"embeddable":true,"href":"https:\/\/rozz-berlin.de\/index.php\/wp-json\/wp\/v2\/users\/2"}],"replies":[{"embeddable":true,"href":"https:\/\/rozz-berlin.de\/index.php\/wp-json\/wp\/v2\/comments?post=9"}],"version-history":[{"count":20,"href":"https:\/\/rozz-berlin.de\/index.php\/wp-json\/wp\/v2\/pages\/9\/revisions"}],"predecessor-version":[{"id":351,"href":"https:\/\/rozz-berlin.de\/index.php\/wp-json\/wp\/v2\/pages\/9\/revisions\/351"}],"wp:attachment":[{"href":"https:\/\/rozz-berlin.de\/index.php\/wp-json\/wp\/v2\/media?parent=9"}],"curies":[{"name":"wp","href":"https:\/\/api.w.org\/{rel}","templated":true}]}}